
{"id":6283,"date":"2023-07-28T19:06:08","date_gmt":"2023-07-28T23:06:08","guid":{"rendered":"https:\/\/galerialacurtiembre.cl\/?page_id=6283"},"modified":"2025-03-25T11:17:38","modified_gmt":"2025-03-25T15:17:38","slug":"arrienda-un-local","status":"publish","type":"page","link":"https:\/\/lacurtiembre.cl\/?page_id=6283","title":{"rendered":"Arrienda un Local"},"content":{"rendered":"\t\t<div data-elementor-type=\"wp-page\" data-elementor-id=\"6283\" class=\"elementor elementor-6283\" data-elementor-post-type=\"page\">\n\t\t\t\t<div class=\"elementor-element elementor-element-68fe2a1f e-flex e-con-boxed e-con e-parent\" data-id=\"68fe2a1f\" data-element_type=\"container\">\n\t\t\t\t\t<div class=\"e-con-inner\">\n\t\t\t\t<div class=\"elementor-element elementor-element-74639960 elementor-widget elementor-widget-text-editor\" data-id=\"74639960\" data-element_type=\"widget\" data-widget_type=\"text-editor.default\">\n\t\t\t\t<div class=\"elementor-widget-container\">\n\t\t\t\t\t\t\t<!-- wp:paragraph {\"style\":{\"typography\":{\"fontSize\":\"1em\"}}} -->\n<p style=\"font-size: 1em;\">Galer\u00eda La Curtiembre &#8220;Artes y Oficios&#8221; es un innovador espacio dedicado a la promoci\u00f3n y venta de productos artesanales y creativos. Se trata de una galer\u00eda compuesta por locales independientes que ofrecen productos de arte, oficios y tambi\u00e9n hay espacio para la gastronom\u00eda de autor.<\/p>\n<!-- \/wp:paragraph --><!-- wp:image {\"id\":7623,\"sizeSlug\":\"large\",\"linkDestination\":\"none\",\"align\":\"center\"} -->\n<figure class=\"wp-block-image aligncenter size-large\"><img fetchpriority=\"high\" decoding=\"async\" class=\"alignnone wp-image-7635 size-large\" src=\"https:\/\/galerialacurtiembre.cl\/wp-content\/uploads\/2025\/03\/tattoo-1024x768.jpeg\" alt=\"\" width=\"980\" height=\"735\" srcset=\"https:\/\/lacurtiembre.cl\/wp-content\/uploads\/2025\/03\/tattoo-1024x768.jpeg 1024w, https:\/\/lacurtiembre.cl\/wp-content\/uploads\/2025\/03\/tattoo-300x225.jpeg 300w, https:\/\/lacurtiembre.cl\/wp-content\/uploads\/2025\/03\/tattoo-768x576.jpeg 768w, https:\/\/lacurtiembre.cl\/wp-content\/uploads\/2025\/03\/tattoo-1536x1152.jpeg 1536w, https:\/\/lacurtiembre.cl\/wp-content\/uploads\/2025\/03\/tattoo-2048x1536.jpeg 2048w, https:\/\/lacurtiembre.cl\/wp-content\/uploads\/2025\/03\/tattoo-416x312.jpeg 416w\" sizes=\"(max-width: 980px) 100vw, 980px\" \/><\/figure>\n<!-- \/wp:image --><!-- wp:heading {\"level\":3} -->\n<h3 class=\"wp-block-heading\"><strong>Caracter\u00edsticas Principales:<\/strong><\/h3>\n<!-- \/wp:heading --><!-- wp:columns -->\n<div class=\"wp-block-columns\"><!-- wp:column {\"width\":\"100%\"} -->\n<div class=\"wp-block-column\" style=\"flex-basis: 100%;\"><!-- wp:group {\"layout\":{\"type\":\"constrained\"}} -->\n<div class=\"wp-block-group\"><!-- wp:heading {\"level\":4} -->\n<h4 class=\"wp-block-heading\"><strong>1<\/strong>. <strong>Locales Vidriados Creativos:<\/strong><\/h4>\n<!-- \/wp:heading --><!-- wp:paragraph {\"style\":{\"typography\":{\"fontSize\":\"1em\"}}} -->\n<p style=\"font-size: 1em;\">La Curtiembre cuenta en su interior actualmente con 16 locales vidriados de 8 mt2 y 16 mt2. Cada m\u00f3dulo de la galer\u00eda est\u00e1 dise\u00f1ado para ser un espacio \u00fanico y personalizable, adaptado a las necesidades y estilo de cada emprendedor. Los m\u00f3dulos cuentan con conexiones el\u00e9ctricas y una disposici\u00f3n eficiente del espacio para exhibir y vender productos. Cabe destacar que \u00e9stos poseen una est\u00e9tica llamativa e innovadora, propia de la galer\u00eda. Sin duda, es un lugar \u00fanico y arm\u00f3nico visualmente, que no pasa desapercibido.<\/p>\n<!-- \/wp:paragraph --><!-- wp:paragraph {\"style\":{\"typography\":{\"fontSize\":\"1em\"}}} -->\n<p style=\"font-size: 1em;\">\u00a0<\/p>\n<!-- \/wp:paragraph --><\/div>\n<!-- \/wp:group --><\/div>\n<!-- \/wp:column --><\/div>\n<!-- \/wp:columns --><!-- wp:heading {\"level\":4} -->\n<h4 class=\"wp-block-heading\"><strong>2. Diversidad de Rubros:<\/strong><\/h4>\n<!-- \/wp:heading --><!-- wp:paragraph {\"style\":{\"typography\":{\"fontSize\":\"1em\"}}} -->\n<p style=\"font-size: 1em;\">\u00a0Se busca atraer emprendedores de diversos rubros, tales como artesan\u00eda, dise\u00f1o de moda, joyer\u00eda, arte visual, productos reciclados, entre otros. La diversidad de productos ofrecidos en la galer\u00eda enriquecer\u00e1 la experiencia del visitante.<\/p>\n<!-- \/wp:paragraph --><!-- wp:heading {\"level\":4} -->\n<h4 class=\"wp-block-heading\"><strong>3. Eventos y Talleres:<\/strong><\/h4>\n<!-- \/wp:heading --><!-- wp:paragraph {\"style\":{\"typography\":{\"fontSize\":\"1em\"}}} -->\n<p style=\"font-size: 1em;\">La Curtiembre no solo es un espacio de ventas, sino tambi\u00e9n un lugar din\u00e1mico que alberga eventos, exposiciones temporales y talleres. Esto contribuye a crear un ambiente cultural y atraer\u00e1 a un p\u00fablico interesado en las artes y los oficios.<\/p>\n<!-- \/wp:paragraph --><!-- wp:paragraph -->\n<p><strong>Programaci\u00f3n de Eventos:<\/strong><\/p>\n<!-- \/wp:paragraph --><!-- wp:paragraph {\"style\":{\"typography\":{\"fontSize\":\"1em\"}}} -->\n<p style=\"font-size: 1em;\">La galer\u00eda puede tener programadas exhibiciones rotativas, eventos especiales o colaboraciones con artistas locales e internacionales, brindando a los arrendatarios la oportunidad de participar en diversas actividades culturales.<\/p>\n<!-- \/wp:paragraph --><!-- wp:paragraph {\"style\":{\"typography\":{\"fontSize\":\"1em\"}}} -->\n<p style=\"font-size: 1em;\">En resumen, la Galer\u00eda de Artes y Oficios La Curtiembre proporciona un entorno completo y flexible para que los artistas exhiban y compartan su trabajo con el p\u00fablico, ofreciendo una gama de opciones y servicios para adaptarse a diversas formas de expresi\u00f3n art\u00edstica.<\/p>\n<!-- \/wp:paragraph --><!-- wp:heading {\"level\":4} -->\n<h4 class=\"wp-block-heading\"><strong>4. Promoci\u00f3n Conjunta:<\/strong><\/h4>\n<!-- \/wp:heading --><!-- wp:paragraph {\"style\":{\"typography\":{\"fontSize\":\"1em\"}}} -->\n<p style=\"font-size: 1em;\">Los emprendedores que arrienden un m\u00f3dulo en la galer\u00eda se beneficiar\u00e1n de la promoci\u00f3n conjunta del espacio. Se llevar\u00e1 a cabo una estrategia de marketing que destaque la diversidad de productos y atraiga a un p\u00fablico m\u00e1s amplio.<\/p>\n<!-- \/wp:paragraph --><!-- wp:heading {\"level\":4} -->\n<h4 class=\"wp-block-heading\"><strong>5. Gesti\u00f3n Centralizada:<\/strong><\/h4>\n<!-- \/wp:heading --><!-- wp:paragraph {\"style\":{\"typography\":{\"fontSize\":\"1em\"}}} -->\n<p style=\"font-size: 1em;\">Para simplificar la administraci\u00f3n, se establecer\u00e1 una gesti\u00f3n centralizada que incluir\u00e1 servicios como seguridad, limpieza y mantenimiento general. Esto permitir\u00e1 a los emprendedores centrarse en sus negocios y en la creaci\u00f3n de nuevos productos.<\/p>\n<!-- \/wp:paragraph --><!-- wp:heading {\"level\":4} -->\n<h4 class=\"wp-block-heading\"><strong>6. Experiencia Interactiva:<\/strong><\/h4>\n<!-- \/wp:heading --><!-- wp:paragraph -->\n<p>Se fomentar\u00e1 la interactividad con el p\u00fablico mediante espacios dedicados a la demostraci\u00f3n de t\u00e9cnicas de creaci\u00f3n y la participaci\u00f3n en proyectos colaborativos. Esto crear\u00e1 una experiencia \u00fanica y atractiva para los visitantes.<\/p>\n<!-- \/wp:paragraph --><!-- wp:heading {\"level\":4} -->\n<h4 class=\"wp-block-heading\"><strong>7. Sostenibilidad:<\/strong><\/h4>\n<!-- \/wp:heading --><!-- wp:paragraph {\"style\":{\"typography\":{\"fontSize\":\"1em\"}}} -->\n<p style=\"font-size: 1em;\">Se promover\u00e1 la sostenibilidad y la responsabilidad ambiental entre los emprendedores, fomentando pr\u00e1cticas eco-amigables en la producci\u00f3n y exhibici\u00f3n de sus productos.<\/p>\n<!-- \/wp:paragraph --><!-- wp:heading {\"level\":3} -->\n<h3 class=\"wp-block-heading\"><strong>Beneficios para Emprendedores:<\/strong><\/h3>\n<!-- \/wp:heading --><!-- wp:paragraph {\"style\":{\"typography\":{\"fontSize\":\"1em\"}}} -->\n<p style=\"font-size: 1em;\">\u2022\u00a0\u00a0\u00a0\u00a0\u00a0\u00a0\u00a0\u00a0\u00a0 Acceso a un espacio premium en una ubicaci\u00f3n estrat\u00e9gica que recibe alto flujo de visitantes los fines de semana.<\/p>\n<!-- \/wp:paragraph --><!-- wp:paragraph {\"style\":{\"typography\":{\"fontSize\":\"1em\"}}} -->\n<p style=\"font-size: 1em;\">\u2022\u00a0\u00a0\u00a0\u00a0\u00a0\u00a0\u00a0\u00a0\u00a0 Oportunidad de participar en eventos y exposiciones.<\/p>\n<!-- \/wp:paragraph --><!-- wp:paragraph {\"style\":{\"typography\":{\"fontSize\":\"1em\"}}} -->\n<p style=\"font-size: 1em;\">\u2022\u00a0\u00a0\u00a0\u00a0\u00a0\u00a0\u00a0\u00a0\u00a0 Colaboraci\u00f3n y networking con otros emprendedores creativos.<\/p>\n<!-- \/wp:paragraph --><!-- wp:paragraph {\"style\":{\"typography\":{\"fontSize\":\"1em\"}}} -->\n<p style=\"font-size: 1em;\">\u2022\u00a0\u00a0\u00a0\u00a0\u00a0\u00a0\u00a0\u00a0\u00a0 Mayor visibilidad y promoci\u00f3n a trav\u00e9s de la gesti\u00f3n centralizada y de nuestras redes sociales.<\/p>\n<!-- \/wp:paragraph --><!-- wp:heading {\"level\":3} -->\n<h3 class=\"wp-block-heading\"><strong>Objetivo de La Curtiembre:<\/strong><\/h3>\n<!-- \/wp:heading --><!-- wp:paragraph {\"style\":{\"typography\":{\"fontSize\":\"1em\"}}} -->\n<p style=\"font-size: 1em;\">Crear un ecosistema din\u00e1mico y colaborativo que impulse el crecimiento de emprendedores creativos, brindando una plataforma f\u00edsica para la exhibici\u00f3n y venta de sus productos, as\u00ed como oportunidades para el aprendizaje y la interacci\u00f3n con la comunidad.<\/p>\n<!-- \/wp:paragraph --><!-- wp:paragraph {\"style\":{\"typography\":{\"fontSize\":\"1em\"}}} -->\n<p style=\"font-size: 1em;\">Con este proyecto, se espera no solo apoyar a emprendedores locales, sino tambi\u00e9n enriquecer la escena cultural y creativa de la regi\u00f3n, convirtiendo la Curtiembre &#8220;Artes y Oficios&#8221; en un destino imperdible para los amantes del arte y la artesan\u00eda.<\/p>\n<!-- \/wp:paragraph --><!-- wp:group {\"layout\":{\"type\":\"constrained\"}} -->\n<div class=\"wp-block-group\"><!-- wp:columns -->\n<div class=\"wp-block-columns\"><!-- wp:column {\"width\":\"100%\"} -->\n<div class=\"wp-block-column\" style=\"flex-basis: 100%;\"><!-- wp:spacer -->\n<div class=\"wp-block-spacer\" style=\"height: 100px;\" aria-hidden=\"true\">\u00a0<\/div>\n<!-- \/wp:spacer --><!-- wp:heading {\"textAlign\":\"center\",\"level\":3} -->\n<h3 class=\"wp-block-heading has-text-align-center\"><strong>\u00a0\u00bfQUIERES ARRENDAR UN LOCAL? <\/strong><\/h3>\n<!-- \/wp:heading --><!-- wp:heading {\"textAlign\":\"center\",\"level\":3} -->\n<h3 class=\"wp-block-heading has-text-align-center\"><strong>D\u00c9JANOS TUS DATOS PARA OBTENER INFORMACI\u00d3N<\/strong><\/h3>\n<!-- \/wp:heading --><!-- wp:spacer {\"height\":\"31px\"} -->\n<div class=\"wp-block-spacer\" style=\"height: 31px;\" aria-hidden=\"true\">\u00a0<\/div>\n<!-- \/wp:spacer --><!-- wp:contact-form-7\/contact-form-selector {\"id\":6305,\"title\":\"Arrendar local\"} -->\n<div class=\"wp-block-contact-form-7-contact-form-selector\">\n<div class=\"wpcf7 no-js\" id=\"wpcf7-f6305-o1\" lang=\"es-CL\" dir=\"ltr\">\n<div class=\"screen-reader-response\"><p role=\"status\" aria-live=\"polite\" aria-atomic=\"true\"><\/p> <ul><\/ul><\/div>\n<form action=\"\/index.php?rest_route=%2Fwp%2Fv2%2Fpages%2F6283#wpcf7-f6305-o1\" method=\"post\" class=\"wpcf7-form init\" aria-label=\"Contact form\" enctype=\"multipart\/form-data\" novalidate=\"novalidate\" data-status=\"init\">\n<div style=\"display: none;\">\n<input type=\"hidden\" name=\"_wpcf7\" value=\"6305\" \/>\n<input type=\"hidden\" name=\"_wpcf7_version\" value=\"5.9.3\" \/>\n<input type=\"hidden\" name=\"_wpcf7_locale\" value=\"es_CL\" \/>\n<input type=\"hidden\" name=\"_wpcf7_unit_tag\" value=\"wpcf7-f6305-o1\" \/>\n<input type=\"hidden\" name=\"_wpcf7_container_post\" value=\"0\" \/>\n<input type=\"hidden\" name=\"_wpcf7_posted_data_hash\" value=\"\" \/>\n<input type=\"hidden\" name=\"_wpcf7_recaptcha_response\" value=\"\" \/>\n<\/div>\n<h3>FORMULARIO DE CONTACTO\n<\/h3>\n<p><label> Nombre<br \/>\n<span class=\"wpcf7-form-control-wrap\" data-name=\"your-name\"><input size=\"40\" class=\"wpcf7-form-control wpcf7-text wpcf7-validates-as-required\" autocomplete=\"name\" aria-required=\"true\" aria-invalid=\"false\" value=\"\" type=\"text\" name=\"your-name\" \/><\/span> <\/label>\n<\/p>\n<p><label> Correo<br \/>\n<span class=\"wpcf7-form-control-wrap\" data-name=\"your-email\"><input size=\"40\" class=\"wpcf7-form-control wpcf7-email wpcf7-validates-as-required wpcf7-text wpcf7-validates-as-email\" autocomplete=\"email\" aria-required=\"true\" aria-invalid=\"false\" value=\"\" type=\"email\" name=\"your-email\" \/><\/span> <\/label>\n<\/p>\n<p><label> Tel\u00e9fono<br \/>\n<span class=\"wpcf7-form-control-wrap\" data-name=\"tel-91\"><input size=\"40\" class=\"wpcf7-form-control wpcf7-tel wpcf7-validates-as-required wpcf7-text wpcf7-validates-as-tel\" aria-required=\"true\" aria-invalid=\"false\" value=\"\" type=\"tel\" name=\"tel-91\" \/><\/span> <\/label>\n<\/p>\n<p><label> Adjunta un PDF con im\u00e1genes de tu propuesta<br \/>\n<span style=\"font-size:12px;\">(Tama\u00f1o M\u00e1ximo 2Mb)<\/span><br \/>\n<span class=\"wpcf7-form-control-wrap\" data-name=\"img-propuesta\"><input size=\"40\" class=\"wpcf7-form-control wpcf7-file\" accept=\".jpg,.png,.pdf,.jpeg,.gif,.webp\" aria-invalid=\"false\" type=\"file\" name=\"img-propuesta\" \/><\/span><br \/>\n<\/label>\n<\/p>\n<p><label> Tu mensaje (Opcional)<br \/>\n<span class=\"wpcf7-form-control-wrap\" data-name=\"your-message\"><textarea cols=\"40\" rows=\"10\" class=\"wpcf7-form-control wpcf7-textarea\" aria-invalid=\"false\" name=\"your-message\"><\/textarea><\/span> <\/label>\n<\/p>\n<p><input class=\"wpcf7-form-control wpcf7-submit has-spinner\" type=\"submit\" value=\"Enviar\" \/>\n<\/p><div class=\"wpcf7-response-output\" aria-hidden=\"true\"><\/div>\n<\/form>\n<\/div>\n<\/div>\n<!-- \/wp:contact-form-7\/contact-form-selector --><\/div>\n<!-- \/wp:column --><\/div>\n<!-- \/wp:columns --><!-- wp:paragraph -->\n<p>\u00a0<\/p>\n<!-- \/wp:paragraph --><\/div>\n<!-- \/wp:group -->\t\t\t\t\t\t<\/div>\n\t\t\t\t<\/div>\n\t\t\t\t\t<\/div>\n\t\t\t\t<\/div>\n\t\t\t\t<\/div>\n\t\t","protected":false},"excerpt":{"rendered":"<p>Galer\u00eda La Curtiembre &#8220;Artes y Oficios&#8221; es un innovador espacio dedicado a la promoci\u00f3n y venta de productos artesanales y creativos. Se trata de una galer\u00eda compuesta por locales independientes que ofrecen productos de arte, oficios y tambi\u00e9n hay espacio para la gastronom\u00eda de autor. Caracter\u00edsticas Principales: 1. Locales Vidriados Creativos: La Curtiembre cuenta en [&hellip;]<\/p>\n","protected":false},"author":1,"featured_media":0,"parent":0,"menu_order":0,"comment_status":"closed","ping_status":"closed","template":"","meta":{"footnotes":""},"aioseo_notices":[],"_links":{"self":[{"href":"https:\/\/lacurtiembre.cl\/index.php?rest_route=\/wp\/v2\/pages\/6283"}],"collection":[{"href":"https:\/\/lacurtiembre.cl\/index.php?rest_route=\/wp\/v2\/pages"}],"about":[{"href":"https:\/\/lacurtiembre.cl\/index.php?rest_route=\/wp\/v2\/types\/page"}],"author":[{"embeddable":true,"href":"https:\/\/lacurtiembre.cl\/index.php?rest_route=\/wp\/v2\/users\/1"}],"replies":[{"embeddable":true,"href":"https:\/\/lacurtiembre.cl\/index.php?rest_route=%2Fwp%2Fv2%2Fcomments&post=6283"}],"version-history":[{"count":39,"href":"https:\/\/lacurtiembre.cl\/index.php?rest_route=\/wp\/v2\/pages\/6283\/revisions"}],"predecessor-version":[{"id":7641,"href":"https:\/\/lacurtiembre.cl\/index.php?rest_route=\/wp\/v2\/pages\/6283\/revisions\/7641"}],"wp:attachment":[{"href":"https:\/\/lacurtiembre.cl\/index.php?rest_route=%2Fwp%2Fv2%2Fmedia&parent=6283"}],"curies":[{"name":"wp","href":"https:\/\/api.w.org\/{rel}","templated":true}]}}