
{"id":6970,"date":"2024-03-22T08:41:57","date_gmt":"2024-03-22T12:41:57","guid":{"rendered":"https:\/\/galerialacurtiembre.cl\/?page_id=6970"},"modified":"2024-10-17T11:40:23","modified_gmt":"2024-10-17T15:40:23","slug":"oficios","status":"publish","type":"page","link":"https:\/\/lacurtiembre.cl\/?page_id=6970","title":{"rendered":"Oficios"},"content":{"rendered":"\t\t<div data-elementor-type=\"wp-page\" data-elementor-id=\"6970\" class=\"elementor elementor-6970\" data-elementor-post-type=\"page\">\n\t\t\t\t<div class=\"elementor-element elementor-element-c2ea8bf e-flex e-con-boxed e-con e-parent\" data-id=\"c2ea8bf\" data-element_type=\"container\">\n\t\t\t\t\t<div class=\"e-con-inner\">\n\t\t\t\t<div class=\"elementor-element elementor-element-54b4cd6 elementor-widget elementor-widget-text-editor\" data-id=\"54b4cd6\" data-element_type=\"widget\" data-widget_type=\"text-editor.default\">\n\t\t\t\t<div class=\"elementor-widget-container\">\n\t\t\t\t\t\t\t<p><!-- wp:paragraph --><\/p>\n<p>En Galer\u00eda La Curtiembre puedes encontrar diversos artistas y dise\u00f1adores que confeccionan con sus propias manos variados oficios, entre los que podemos encontrar orfebrer\u00eda, indumentaria, dise\u00f1o de vestuario, arte,&nbsp; bolsos,&nbsp; objetos con piedras, entre otros.<\/p>\n<p><!-- \/wp:paragraph --><!-- wp:paragraph --><\/p>\n<p>Tenemos diferentes locales vidriados que albergan estos oficios y&nbsp; tres de mayor tama\u00f1o que tambi\u00e9n comercializan productos ligados al arte. Uno de ellos es \u201cArte Nostro\u201d, librer\u00eda de materiales de arte que vende acuarela, \u00f3leo, acr\u00edlico, pinceles y pinturas, entre otros.<\/p>\n<p><!-- \/wp:paragraph --><!-- wp:paragraph --><\/p>\n<p>Tambi\u00e9n encontramos a la librer\u00eda \u201cEl Desasosiego\u201d, que es un universo de libros y a &#8220;Filma Bags&#8221;, reconocida tienda de bolsos y accesorios.<\/p>\n<p><!-- \/wp:paragraph --><!-- wp:paragraph --><\/p>\n<p>Cabe destacar que los locales est\u00e1n abiertos a p\u00fablico todos los s\u00e1bados, domingos y festivos de 10.00 a 18.00 hrs.<\/p>\n<p><!-- \/wp:paragraph --><\/p>\t\t\t\t\t\t<\/div>\n\t\t\t\t<\/div>\n\t\t\t\t\t<\/div>\n\t\t\t\t<\/div>\n\t\t<div class=\"elementor-element elementor-element-ad30c35 e-flex e-con-boxed e-con e-parent\" data-id=\"ad30c35\" data-element_type=\"container\">\n\t\t\t\t\t<div class=\"e-con-inner\">\n\t\t\t\t<div class=\"elementor-element elementor-element-210071b elementor-widget elementor-widget-gallery\" data-id=\"210071b\" data-element_type=\"widget\" data-settings=\"{&quot;gallery_layout&quot;:&quot;justified&quot;,&quot;ideal_row_height&quot;:{&quot;unit&quot;:&quot;px&quot;,&quot;size&quot;:250,&quot;sizes&quot;:[]},&quot;lazyload&quot;:&quot;yes&quot;,&quot;ideal_row_height_tablet&quot;:{&quot;unit&quot;:&quot;px&quot;,&quot;size&quot;:150,&quot;sizes&quot;:[]},&quot;ideal_row_height_mobile&quot;:{&quot;unit&quot;:&quot;px&quot;,&quot;size&quot;:150,&quot;sizes&quot;:[]},&quot;gap&quot;:{&quot;unit&quot;:&quot;px&quot;,&quot;size&quot;:10,&quot;sizes&quot;:[]},&quot;gap_tablet&quot;:{&quot;unit&quot;:&quot;px&quot;,&quot;size&quot;:10,&quot;sizes&quot;:[]},&quot;gap_mobile&quot;:{&quot;unit&quot;:&quot;px&quot;,&quot;size&quot;:10,&quot;sizes&quot;:[]},&quot;link_to&quot;:&quot;file&quot;,&quot;overlay_background&quot;:&quot;yes&quot;,&quot;content_hover_animation&quot;:&quot;fade-in&quot;}\" data-widget_type=\"gallery.default\">\n\t\t\t\t<div class=\"elementor-widget-container\">\n\t\t\t\t\t<div class=\"elementor-gallery__container\">\n\t\t\t\t\t\t\t<a class=\"e-gallery-item elementor-gallery-item elementor-animated-content\" href=\"https:\/\/lacurtiembre.cl\/wp-content\/uploads\/2024\/10\/DSC_2945.jpg\" data-elementor-open-lightbox=\"yes\" data-elementor-lightbox-slideshow=\"210071b\" data-elementor-lightbox-title=\"DSC_2945\" data-e-action-hash=\"#elementor-action%3Aaction%3Dlightbox%26settings%3DeyJpZCI6NzU0MywidXJsIjoiaHR0cHM6XC9cL2xhY3VydGllbWJyZS5jbFwvd3AtY29udGVudFwvdXBsb2Fkc1wvMjAyNFwvMTBcL0RTQ18yOTQ1LmpwZyIsInNsaWRlc2hvdyI6IjIxMDA3MWIifQ%3D%3D\">\n\t\t\t\t\t<div class=\"e-gallery-image elementor-gallery-item__image\" data-thumbnail=\"https:\/\/lacurtiembre.cl\/wp-content\/uploads\/2024\/10\/DSC_2945-300x200.jpg\" data-width=\"300\" data-height=\"200\" aria-label=\"\" role=\"img\" ><\/div>\n\t\t\t\t\t\t\t\t\t\t\t<div class=\"elementor-gallery-item__overlay\"><\/div>\n\t\t\t\t\t\t\t\t\t\t\t\t\t\t<\/a>\n\t\t\t\t\t\t\t<a class=\"e-gallery-item elementor-gallery-item elementor-animated-content\" href=\"https:\/\/lacurtiembre.cl\/wp-content\/uploads\/2024\/10\/DSC_2979.jpg\" data-elementor-open-lightbox=\"yes\" data-elementor-lightbox-slideshow=\"210071b\" data-elementor-lightbox-title=\"DSC_2979\" data-e-action-hash=\"#elementor-action%3Aaction%3Dlightbox%26settings%3DeyJpZCI6NzU0NCwidXJsIjoiaHR0cHM6XC9cL2xhY3VydGllbWJyZS5jbFwvd3AtY29udGVudFwvdXBsb2Fkc1wvMjAyNFwvMTBcL0RTQ18yOTc5LmpwZyIsInNsaWRlc2hvdyI6IjIxMDA3MWIifQ%3D%3D\">\n\t\t\t\t\t<div class=\"e-gallery-image elementor-gallery-item__image\" data-thumbnail=\"https:\/\/lacurtiembre.cl\/wp-content\/uploads\/2024\/10\/DSC_2979-300x200.jpg\" data-width=\"300\" data-height=\"200\" aria-label=\"\" role=\"img\" ><\/div>\n\t\t\t\t\t\t\t\t\t\t\t<div class=\"elementor-gallery-item__overlay\"><\/div>\n\t\t\t\t\t\t\t\t\t\t\t\t\t\t<\/a>\n\t\t\t\t\t\t\t<a class=\"e-gallery-item elementor-gallery-item elementor-animated-content\" href=\"https:\/\/lacurtiembre.cl\/wp-content\/uploads\/2024\/10\/DSC_2985.jpg\" data-elementor-open-lightbox=\"yes\" data-elementor-lightbox-slideshow=\"210071b\" data-elementor-lightbox-title=\"DSC_2985\" data-e-action-hash=\"#elementor-action%3Aaction%3Dlightbox%26settings%3DeyJpZCI6NzU0NSwidXJsIjoiaHR0cHM6XC9cL2xhY3VydGllbWJyZS5jbFwvd3AtY29udGVudFwvdXBsb2Fkc1wvMjAyNFwvMTBcL0RTQ18yOTg1LmpwZyIsInNsaWRlc2hvdyI6IjIxMDA3MWIifQ%3D%3D\">\n\t\t\t\t\t<div class=\"e-gallery-image elementor-gallery-item__image\" data-thumbnail=\"https:\/\/lacurtiembre.cl\/wp-content\/uploads\/2024\/10\/DSC_2985-300x200.jpg\" data-width=\"300\" data-height=\"200\" aria-label=\"\" role=\"img\" ><\/div>\n\t\t\t\t\t\t\t\t\t\t\t<div class=\"elementor-gallery-item__overlay\"><\/div>\n\t\t\t\t\t\t\t\t\t\t\t\t\t\t<\/a>\n\t\t\t\t\t\t\t<a class=\"e-gallery-item elementor-gallery-item elementor-animated-content\" href=\"https:\/\/lacurtiembre.cl\/wp-content\/uploads\/2024\/10\/DSC_2953.jpg\" data-elementor-open-lightbox=\"yes\" data-elementor-lightbox-slideshow=\"210071b\" data-elementor-lightbox-title=\"DSC_2953\" data-e-action-hash=\"#elementor-action%3Aaction%3Dlightbox%26settings%3DeyJpZCI6NzU0NiwidXJsIjoiaHR0cHM6XC9cL2xhY3VydGllbWJyZS5jbFwvd3AtY29udGVudFwvdXBsb2Fkc1wvMjAyNFwvMTBcL0RTQ18yOTUzLmpwZyIsInNsaWRlc2hvdyI6IjIxMDA3MWIifQ%3D%3D\">\n\t\t\t\t\t<div class=\"e-gallery-image elementor-gallery-item__image\" data-thumbnail=\"https:\/\/lacurtiembre.cl\/wp-content\/uploads\/2024\/10\/DSC_2953-300x200.jpg\" data-width=\"300\" data-height=\"200\" aria-label=\"\" role=\"img\" ><\/div>\n\t\t\t\t\t\t\t\t\t\t\t<div class=\"elementor-gallery-item__overlay\"><\/div>\n\t\t\t\t\t\t\t\t\t\t\t\t\t\t<\/a>\n\t\t\t\t\t\t\t<a class=\"e-gallery-item elementor-gallery-item elementor-animated-content\" href=\"https:\/\/lacurtiembre.cl\/wp-content\/uploads\/2024\/10\/DSC_2994.jpg\" data-elementor-open-lightbox=\"yes\" data-elementor-lightbox-slideshow=\"210071b\" data-elementor-lightbox-title=\"DSC_2994\" data-e-action-hash=\"#elementor-action%3Aaction%3Dlightbox%26settings%3DeyJpZCI6NzU0NywidXJsIjoiaHR0cHM6XC9cL2xhY3VydGllbWJyZS5jbFwvd3AtY29udGVudFwvdXBsb2Fkc1wvMjAyNFwvMTBcL0RTQ18yOTk0LmpwZyIsInNsaWRlc2hvdyI6IjIxMDA3MWIifQ%3D%3D\">\n\t\t\t\t\t<div class=\"e-gallery-image elementor-gallery-item__image\" data-thumbnail=\"https:\/\/lacurtiembre.cl\/wp-content\/uploads\/2024\/10\/DSC_2994-300x200.jpg\" data-width=\"300\" data-height=\"200\" aria-label=\"\" role=\"img\" ><\/div>\n\t\t\t\t\t\t\t\t\t\t\t<div class=\"elementor-gallery-item__overlay\"><\/div>\n\t\t\t\t\t\t\t\t\t\t\t\t\t\t<\/a>\n\t\t\t\t\t\t\t<a class=\"e-gallery-item elementor-gallery-item elementor-animated-content\" href=\"https:\/\/lacurtiembre.cl\/wp-content\/uploads\/2024\/10\/DSC_2942.jpg\" data-elementor-open-lightbox=\"yes\" data-elementor-lightbox-slideshow=\"210071b\" data-elementor-lightbox-title=\"DSC_2942\" data-e-action-hash=\"#elementor-action%3Aaction%3Dlightbox%26settings%3DeyJpZCI6NzU0OCwidXJsIjoiaHR0cHM6XC9cL2xhY3VydGllbWJyZS5jbFwvd3AtY29udGVudFwvdXBsb2Fkc1wvMjAyNFwvMTBcL0RTQ18yOTQyLmpwZyIsInNsaWRlc2hvdyI6IjIxMDA3MWIifQ%3D%3D\">\n\t\t\t\t\t<div class=\"e-gallery-image elementor-gallery-item__image\" data-thumbnail=\"https:\/\/lacurtiembre.cl\/wp-content\/uploads\/2024\/10\/DSC_2942-300x200.jpg\" data-width=\"300\" data-height=\"200\" aria-label=\"\" role=\"img\" ><\/div>\n\t\t\t\t\t\t\t\t\t\t\t<div class=\"elementor-gallery-item__overlay\"><\/div>\n\t\t\t\t\t\t\t\t\t\t\t\t\t\t<\/a>\n\t\t\t\t\t\t\t<a class=\"e-gallery-item elementor-gallery-item elementor-animated-content\" href=\"https:\/\/lacurtiembre.cl\/wp-content\/uploads\/2024\/10\/DSC_2954.jpg\" data-elementor-open-lightbox=\"yes\" data-elementor-lightbox-slideshow=\"210071b\" data-elementor-lightbox-title=\"DSC_2954\" data-e-action-hash=\"#elementor-action%3Aaction%3Dlightbox%26settings%3DeyJpZCI6NzU0OSwidXJsIjoiaHR0cHM6XC9cL2xhY3VydGllbWJyZS5jbFwvd3AtY29udGVudFwvdXBsb2Fkc1wvMjAyNFwvMTBcL0RTQ18yOTU0LmpwZyIsInNsaWRlc2hvdyI6IjIxMDA3MWIifQ%3D%3D\">\n\t\t\t\t\t<div class=\"e-gallery-image elementor-gallery-item__image\" data-thumbnail=\"https:\/\/lacurtiembre.cl\/wp-content\/uploads\/2024\/10\/DSC_2954-300x200.jpg\" data-width=\"300\" data-height=\"200\" aria-label=\"\" role=\"img\" ><\/div>\n\t\t\t\t\t\t\t\t\t\t\t<div class=\"elementor-gallery-item__overlay\"><\/div>\n\t\t\t\t\t\t\t\t\t\t\t\t\t\t<\/a>\n\t\t\t\t\t\t\t<a class=\"e-gallery-item elementor-gallery-item elementor-animated-content\" href=\"https:\/\/lacurtiembre.cl\/wp-content\/uploads\/2024\/10\/DSC_3001.jpg\" data-elementor-open-lightbox=\"yes\" data-elementor-lightbox-slideshow=\"210071b\" data-elementor-lightbox-title=\"DSC_3001\" data-e-action-hash=\"#elementor-action%3Aaction%3Dlightbox%26settings%3DeyJpZCI6NzU1MCwidXJsIjoiaHR0cHM6XC9cL2xhY3VydGllbWJyZS5jbFwvd3AtY29udGVudFwvdXBsb2Fkc1wvMjAyNFwvMTBcL0RTQ18zMDAxLmpwZyIsInNsaWRlc2hvdyI6IjIxMDA3MWIifQ%3D%3D\">\n\t\t\t\t\t<div class=\"e-gallery-image elementor-gallery-item__image\" data-thumbnail=\"https:\/\/lacurtiembre.cl\/wp-content\/uploads\/2024\/10\/DSC_3001-200x300.jpg\" data-width=\"200\" data-height=\"300\" aria-label=\"\" role=\"img\" ><\/div>\n\t\t\t\t\t\t\t\t\t\t\t<div class=\"elementor-gallery-item__overlay\"><\/div>\n\t\t\t\t\t\t\t\t\t\t\t\t\t\t<\/a>\n\t\t\t\t\t\t\t<a class=\"e-gallery-item elementor-gallery-item elementor-animated-content\" href=\"https:\/\/lacurtiembre.cl\/wp-content\/uploads\/2024\/10\/DSC_2998.jpg\" data-elementor-open-lightbox=\"yes\" data-elementor-lightbox-slideshow=\"210071b\" data-elementor-lightbox-title=\"DSC_2998\" data-e-action-hash=\"#elementor-action%3Aaction%3Dlightbox%26settings%3DeyJpZCI6NzU1MSwidXJsIjoiaHR0cHM6XC9cL2xhY3VydGllbWJyZS5jbFwvd3AtY29udGVudFwvdXBsb2Fkc1wvMjAyNFwvMTBcL0RTQ18yOTk4LmpwZyIsInNsaWRlc2hvdyI6IjIxMDA3MWIifQ%3D%3D\">\n\t\t\t\t\t<div class=\"e-gallery-image elementor-gallery-item__image\" data-thumbnail=\"https:\/\/lacurtiembre.cl\/wp-content\/uploads\/2024\/10\/DSC_2998-300x200.jpg\" data-width=\"300\" data-height=\"200\" aria-label=\"\" role=\"img\" ><\/div>\n\t\t\t\t\t\t\t\t\t\t\t<div class=\"elementor-gallery-item__overlay\"><\/div>\n\t\t\t\t\t\t\t\t\t\t\t\t\t\t<\/a>\n\t\t\t\t\t\t\t<a class=\"e-gallery-item elementor-gallery-item elementor-animated-content\" href=\"https:\/\/lacurtiembre.cl\/wp-content\/uploads\/2024\/10\/DSC_2966.jpg\" data-elementor-open-lightbox=\"yes\" data-elementor-lightbox-slideshow=\"210071b\" data-elementor-lightbox-title=\"DSC_2966\" data-e-action-hash=\"#elementor-action%3Aaction%3Dlightbox%26settings%3DeyJpZCI6NzU1MiwidXJsIjoiaHR0cHM6XC9cL2xhY3VydGllbWJyZS5jbFwvd3AtY29udGVudFwvdXBsb2Fkc1wvMjAyNFwvMTBcL0RTQ18yOTY2LmpwZyIsInNsaWRlc2hvdyI6IjIxMDA3MWIifQ%3D%3D\">\n\t\t\t\t\t<div class=\"e-gallery-image elementor-gallery-item__image\" data-thumbnail=\"https:\/\/lacurtiembre.cl\/wp-content\/uploads\/2024\/10\/DSC_2966-300x200.jpg\" data-width=\"300\" data-height=\"200\" aria-label=\"\" role=\"img\" ><\/div>\n\t\t\t\t\t\t\t\t\t\t\t<div class=\"elementor-gallery-item__overlay\"><\/div>\n\t\t\t\t\t\t\t\t\t\t\t\t\t\t<\/a>\n\t\t\t\t\t\t\t<a class=\"e-gallery-item elementor-gallery-item elementor-animated-content\" href=\"https:\/\/lacurtiembre.cl\/wp-content\/uploads\/2024\/10\/DSC_2988.jpg\" data-elementor-open-lightbox=\"yes\" data-elementor-lightbox-slideshow=\"210071b\" data-elementor-lightbox-title=\"DSC_2988\" data-e-action-hash=\"#elementor-action%3Aaction%3Dlightbox%26settings%3DeyJpZCI6NzU1MywidXJsIjoiaHR0cHM6XC9cL2xhY3VydGllbWJyZS5jbFwvd3AtY29udGVudFwvdXBsb2Fkc1wvMjAyNFwvMTBcL0RTQ18yOTg4LmpwZyIsInNsaWRlc2hvdyI6IjIxMDA3MWIifQ%3D%3D\">\n\t\t\t\t\t<div class=\"e-gallery-image elementor-gallery-item__image\" data-thumbnail=\"https:\/\/lacurtiembre.cl\/wp-content\/uploads\/2024\/10\/DSC_2988-200x300.jpg\" data-width=\"200\" data-height=\"300\" aria-label=\"\" role=\"img\" ><\/div>\n\t\t\t\t\t\t\t\t\t\t\t<div class=\"elementor-gallery-item__overlay\"><\/div>\n\t\t\t\t\t\t\t\t\t\t\t\t\t\t<\/a>\n\t\t\t\t\t\t\t<a class=\"e-gallery-item elementor-gallery-item elementor-animated-content\" href=\"https:\/\/lacurtiembre.cl\/wp-content\/uploads\/2024\/10\/DSC_2960.jpg\" data-elementor-open-lightbox=\"yes\" data-elementor-lightbox-slideshow=\"210071b\" data-elementor-lightbox-title=\"DSC_2960\" data-e-action-hash=\"#elementor-action%3Aaction%3Dlightbox%26settings%3DeyJpZCI6NzU1NCwidXJsIjoiaHR0cHM6XC9cL2xhY3VydGllbWJyZS5jbFwvd3AtY29udGVudFwvdXBsb2Fkc1wvMjAyNFwvMTBcL0RTQ18yOTYwLmpwZyIsInNsaWRlc2hvdyI6IjIxMDA3MWIifQ%3D%3D\">\n\t\t\t\t\t<div class=\"e-gallery-image elementor-gallery-item__image\" data-thumbnail=\"https:\/\/lacurtiembre.cl\/wp-content\/uploads\/2024\/10\/DSC_2960-300x200.jpg\" data-width=\"300\" data-height=\"200\" aria-label=\"\" role=\"img\" ><\/div>\n\t\t\t\t\t\t\t\t\t\t\t<div class=\"elementor-gallery-item__overlay\"><\/div>\n\t\t\t\t\t\t\t\t\t\t\t\t\t\t<\/a>\n\t\t\t\t\t\t\t<a class=\"e-gallery-item elementor-gallery-item elementor-animated-content\" href=\"https:\/\/lacurtiembre.cl\/wp-content\/uploads\/2024\/10\/DSC_2948.jpg\" data-elementor-open-lightbox=\"yes\" data-elementor-lightbox-slideshow=\"210071b\" data-elementor-lightbox-title=\"DSC_2948\" data-e-action-hash=\"#elementor-action%3Aaction%3Dlightbox%26settings%3DeyJpZCI6NzU1NSwidXJsIjoiaHR0cHM6XC9cL2xhY3VydGllbWJyZS5jbFwvd3AtY29udGVudFwvdXBsb2Fkc1wvMjAyNFwvMTBcL0RTQ18yOTQ4LmpwZyIsInNsaWRlc2hvdyI6IjIxMDA3MWIifQ%3D%3D\">\n\t\t\t\t\t<div class=\"e-gallery-image elementor-gallery-item__image\" data-thumbnail=\"https:\/\/lacurtiembre.cl\/wp-content\/uploads\/2024\/10\/DSC_2948-200x300.jpg\" data-width=\"200\" data-height=\"300\" aria-label=\"\" role=\"img\" ><\/div>\n\t\t\t\t\t\t\t\t\t\t\t<div class=\"elementor-gallery-item__overlay\"><\/div>\n\t\t\t\t\t\t\t\t\t\t\t\t\t\t<\/a>\n\t\t\t\t\t\t\t<a class=\"e-gallery-item elementor-gallery-item elementor-animated-content\" href=\"https:\/\/lacurtiembre.cl\/wp-content\/uploads\/2024\/10\/DSC_2974.jpg\" data-elementor-open-lightbox=\"yes\" data-elementor-lightbox-slideshow=\"210071b\" data-elementor-lightbox-title=\"DSC_2974\" data-e-action-hash=\"#elementor-action%3Aaction%3Dlightbox%26settings%3DeyJpZCI6NzU1NiwidXJsIjoiaHR0cHM6XC9cL2xhY3VydGllbWJyZS5jbFwvd3AtY29udGVudFwvdXBsb2Fkc1wvMjAyNFwvMTBcL0RTQ18yOTc0LmpwZyIsInNsaWRlc2hvdyI6IjIxMDA3MWIifQ%3D%3D\">\n\t\t\t\t\t<div class=\"e-gallery-image elementor-gallery-item__image\" data-thumbnail=\"https:\/\/lacurtiembre.cl\/wp-content\/uploads\/2024\/10\/DSC_2974-300x200.jpg\" data-width=\"300\" data-height=\"200\" aria-label=\"\" role=\"img\" ><\/div>\n\t\t\t\t\t\t\t\t\t\t\t<div class=\"elementor-gallery-item__overlay\"><\/div>\n\t\t\t\t\t\t\t\t\t\t\t\t\t\t<\/a>\n\t\t\t\t\t\t\t<a class=\"e-gallery-item elementor-gallery-item elementor-animated-content\" href=\"https:\/\/lacurtiembre.cl\/wp-content\/uploads\/2024\/10\/DSC_2940.jpg\" data-elementor-open-lightbox=\"yes\" data-elementor-lightbox-slideshow=\"210071b\" data-elementor-lightbox-title=\"DSC_2940\" data-e-action-hash=\"#elementor-action%3Aaction%3Dlightbox%26settings%3DeyJpZCI6NzU1NywidXJsIjoiaHR0cHM6XC9cL2xhY3VydGllbWJyZS5jbFwvd3AtY29udGVudFwvdXBsb2Fkc1wvMjAyNFwvMTBcL0RTQ18yOTQwLmpwZyIsInNsaWRlc2hvdyI6IjIxMDA3MWIifQ%3D%3D\">\n\t\t\t\t\t<div class=\"e-gallery-image elementor-gallery-item__image\" data-thumbnail=\"https:\/\/lacurtiembre.cl\/wp-content\/uploads\/2024\/10\/DSC_2940-300x200.jpg\" data-width=\"300\" data-height=\"200\" aria-label=\"\" role=\"img\" ><\/div>\n\t\t\t\t\t\t\t\t\t\t\t<div class=\"elementor-gallery-item__overlay\"><\/div>\n\t\t\t\t\t\t\t\t\t\t\t\t\t\t<\/a>\n\t\t\t\t\t\t\t<a class=\"e-gallery-item elementor-gallery-item elementor-animated-content\" href=\"https:\/\/lacurtiembre.cl\/wp-content\/uploads\/2024\/10\/DSC_2927.jpg\" data-elementor-open-lightbox=\"yes\" data-elementor-lightbox-slideshow=\"210071b\" data-elementor-lightbox-title=\"DSC_2927\" data-e-action-hash=\"#elementor-action%3Aaction%3Dlightbox%26settings%3DeyJpZCI6NzU1OCwidXJsIjoiaHR0cHM6XC9cL2xhY3VydGllbWJyZS5jbFwvd3AtY29udGVudFwvdXBsb2Fkc1wvMjAyNFwvMTBcL0RTQ18yOTI3LmpwZyIsInNsaWRlc2hvdyI6IjIxMDA3MWIifQ%3D%3D\">\n\t\t\t\t\t<div class=\"e-gallery-image elementor-gallery-item__image\" data-thumbnail=\"https:\/\/lacurtiembre.cl\/wp-content\/uploads\/2024\/10\/DSC_2927-200x300.jpg\" data-width=\"200\" data-height=\"300\" aria-label=\"\" role=\"img\" ><\/div>\n\t\t\t\t\t\t\t\t\t\t\t<div class=\"elementor-gallery-item__overlay\"><\/div>\n\t\t\t\t\t\t\t\t\t\t\t\t\t\t<\/a>\n\t\t\t\t\t\t\t<a class=\"e-gallery-item elementor-gallery-item elementor-animated-content\" href=\"https:\/\/lacurtiembre.cl\/wp-content\/uploads\/2024\/10\/DSC_2930.jpg\" data-elementor-open-lightbox=\"yes\" data-elementor-lightbox-slideshow=\"210071b\" data-elementor-lightbox-title=\"DSC_2930\" data-e-action-hash=\"#elementor-action%3Aaction%3Dlightbox%26settings%3DeyJpZCI6NzU1OSwidXJsIjoiaHR0cHM6XC9cL2xhY3VydGllbWJyZS5jbFwvd3AtY29udGVudFwvdXBsb2Fkc1wvMjAyNFwvMTBcL0RTQ18yOTMwLmpwZyIsInNsaWRlc2hvdyI6IjIxMDA3MWIifQ%3D%3D\">\n\t\t\t\t\t<div class=\"e-gallery-image elementor-gallery-item__image\" data-thumbnail=\"https:\/\/lacurtiembre.cl\/wp-content\/uploads\/2024\/10\/DSC_2930-300x200.jpg\" data-width=\"300\" data-height=\"200\" aria-label=\"\" role=\"img\" ><\/div>\n\t\t\t\t\t\t\t\t\t\t\t<div class=\"elementor-gallery-item__overlay\"><\/div>\n\t\t\t\t\t\t\t\t\t\t\t\t\t\t<\/a>\n\t\t\t\t\t\t\t<a class=\"e-gallery-item elementor-gallery-item elementor-animated-content\" href=\"https:\/\/lacurtiembre.cl\/wp-content\/uploads\/2024\/10\/DSC_2924.jpg\" data-elementor-open-lightbox=\"yes\" data-elementor-lightbox-slideshow=\"210071b\" data-elementor-lightbox-title=\"DSC_2924\" data-e-action-hash=\"#elementor-action%3Aaction%3Dlightbox%26settings%3DeyJpZCI6NzU2MCwidXJsIjoiaHR0cHM6XC9cL2xhY3VydGllbWJyZS5jbFwvd3AtY29udGVudFwvdXBsb2Fkc1wvMjAyNFwvMTBcL0RTQ18yOTI0LmpwZyIsInNsaWRlc2hvdyI6IjIxMDA3MWIifQ%3D%3D\">\n\t\t\t\t\t<div class=\"e-gallery-image elementor-gallery-item__image\" data-thumbnail=\"https:\/\/lacurtiembre.cl\/wp-content\/uploads\/2024\/10\/DSC_2924-200x300.jpg\" data-width=\"200\" data-height=\"300\" aria-label=\"\" role=\"img\" ><\/div>\n\t\t\t\t\t\t\t\t\t\t\t<div class=\"elementor-gallery-item__overlay\"><\/div>\n\t\t\t\t\t\t\t\t\t\t\t\t\t\t<\/a>\n\t\t\t\t\t\t\t<a class=\"e-gallery-item elementor-gallery-item elementor-animated-content\" href=\"https:\/\/lacurtiembre.cl\/wp-content\/uploads\/2024\/10\/DSC_2920.jpg\" data-elementor-open-lightbox=\"yes\" data-elementor-lightbox-slideshow=\"210071b\" data-elementor-lightbox-title=\"DSC_2920\" data-e-action-hash=\"#elementor-action%3Aaction%3Dlightbox%26settings%3DeyJpZCI6NzU2MSwidXJsIjoiaHR0cHM6XC9cL2xhY3VydGllbWJyZS5jbFwvd3AtY29udGVudFwvdXBsb2Fkc1wvMjAyNFwvMTBcL0RTQ18yOTIwLmpwZyIsInNsaWRlc2hvdyI6IjIxMDA3MWIifQ%3D%3D\">\n\t\t\t\t\t<div class=\"e-gallery-image elementor-gallery-item__image\" data-thumbnail=\"https:\/\/lacurtiembre.cl\/wp-content\/uploads\/2024\/10\/DSC_2920-200x300.jpg\" data-width=\"200\" data-height=\"300\" aria-label=\"\" role=\"img\" ><\/div>\n\t\t\t\t\t\t\t\t\t\t\t<div class=\"elementor-gallery-item__overlay\"><\/div>\n\t\t\t\t\t\t\t\t\t\t\t\t\t\t<\/a>\n\t\t\t\t\t\t\t<a class=\"e-gallery-item elementor-gallery-item elementor-animated-content\" href=\"https:\/\/lacurtiembre.cl\/wp-content\/uploads\/2024\/10\/DSC_2934.jpg\" data-elementor-open-lightbox=\"yes\" data-elementor-lightbox-slideshow=\"210071b\" data-elementor-lightbox-title=\"DSC_2934\" data-e-action-hash=\"#elementor-action%3Aaction%3Dlightbox%26settings%3DeyJpZCI6NzU2MiwidXJsIjoiaHR0cHM6XC9cL2xhY3VydGllbWJyZS5jbFwvd3AtY29udGVudFwvdXBsb2Fkc1wvMjAyNFwvMTBcL0RTQ18yOTM0LmpwZyIsInNsaWRlc2hvdyI6IjIxMDA3MWIifQ%3D%3D\">\n\t\t\t\t\t<div class=\"e-gallery-image elementor-gallery-item__image\" data-thumbnail=\"https:\/\/lacurtiembre.cl\/wp-content\/uploads\/2024\/10\/DSC_2934-300x200.jpg\" data-width=\"300\" data-height=\"200\" aria-label=\"\" role=\"img\" ><\/div>\n\t\t\t\t\t\t\t\t\t\t\t<div class=\"elementor-gallery-item__overlay\"><\/div>\n\t\t\t\t\t\t\t\t\t\t\t\t\t\t<\/a>\n\t\t\t\t\t\t\t<a class=\"e-gallery-item elementor-gallery-item elementor-animated-content\" href=\"https:\/\/lacurtiembre.cl\/wp-content\/uploads\/2024\/10\/DSC_2923.jpg\" data-elementor-open-lightbox=\"yes\" data-elementor-lightbox-slideshow=\"210071b\" data-elementor-lightbox-title=\"DSC_2923\" data-e-action-hash=\"#elementor-action%3Aaction%3Dlightbox%26settings%3DeyJpZCI6NzU2MywidXJsIjoiaHR0cHM6XC9cL2xhY3VydGllbWJyZS5jbFwvd3AtY29udGVudFwvdXBsb2Fkc1wvMjAyNFwvMTBcL0RTQ18yOTIzLmpwZyIsInNsaWRlc2hvdyI6IjIxMDA3MWIifQ%3D%3D\">\n\t\t\t\t\t<div class=\"e-gallery-image elementor-gallery-item__image\" data-thumbnail=\"https:\/\/lacurtiembre.cl\/wp-content\/uploads\/2024\/10\/DSC_2923-300x200.jpg\" data-width=\"300\" data-height=\"200\" aria-label=\"\" role=\"img\" ><\/div>\n\t\t\t\t\t\t\t\t\t\t\t<div class=\"elementor-gallery-item__overlay\"><\/div>\n\t\t\t\t\t\t\t\t\t\t\t\t\t\t<\/a>\n\t\t\t\t\t\t\t<a class=\"e-gallery-item elementor-gallery-item elementor-animated-content\" href=\"https:\/\/lacurtiembre.cl\/wp-content\/uploads\/2024\/10\/DSC_2907.jpg\" data-elementor-open-lightbox=\"yes\" data-elementor-lightbox-slideshow=\"210071b\" data-elementor-lightbox-title=\"DSC_2907\" data-e-action-hash=\"#elementor-action%3Aaction%3Dlightbox%26settings%3DeyJpZCI6NzU2NCwidXJsIjoiaHR0cHM6XC9cL2xhY3VydGllbWJyZS5jbFwvd3AtY29udGVudFwvdXBsb2Fkc1wvMjAyNFwvMTBcL0RTQ18yOTA3LmpwZyIsInNsaWRlc2hvdyI6IjIxMDA3MWIifQ%3D%3D\">\n\t\t\t\t\t<div class=\"e-gallery-image elementor-gallery-item__image\" data-thumbnail=\"https:\/\/lacurtiembre.cl\/wp-content\/uploads\/2024\/10\/DSC_2907-300x200.jpg\" data-width=\"300\" data-height=\"200\" aria-label=\"\" role=\"img\" ><\/div>\n\t\t\t\t\t\t\t\t\t\t\t<div class=\"elementor-gallery-item__overlay\"><\/div>\n\t\t\t\t\t\t\t\t\t\t\t\t\t\t<\/a>\n\t\t\t\t\t\t\t<a class=\"e-gallery-item elementor-gallery-item elementor-animated-content\" href=\"https:\/\/lacurtiembre.cl\/wp-content\/uploads\/2024\/10\/DSC_2910.jpg\" data-elementor-open-lightbox=\"yes\" data-elementor-lightbox-slideshow=\"210071b\" data-elementor-lightbox-title=\"DSC_2910\" data-e-action-hash=\"#elementor-action%3Aaction%3Dlightbox%26settings%3DeyJpZCI6NzU2NSwidXJsIjoiaHR0cHM6XC9cL2xhY3VydGllbWJyZS5jbFwvd3AtY29udGVudFwvdXBsb2Fkc1wvMjAyNFwvMTBcL0RTQ18yOTEwLmpwZyIsInNsaWRlc2hvdyI6IjIxMDA3MWIifQ%3D%3D\">\n\t\t\t\t\t<div class=\"e-gallery-image elementor-gallery-item__image\" data-thumbnail=\"https:\/\/lacurtiembre.cl\/wp-content\/uploads\/2024\/10\/DSC_2910-300x200.jpg\" data-width=\"300\" data-height=\"200\" aria-label=\"\" role=\"img\" ><\/div>\n\t\t\t\t\t\t\t\t\t\t\t<div class=\"elementor-gallery-item__overlay\"><\/div>\n\t\t\t\t\t\t\t\t\t\t\t\t\t\t<\/a>\n\t\t\t\t\t<\/div>\n\t\t\t<\/div>\n\t\t\t\t<\/div>\n\t\t\t\t\t<\/div>\n\t\t\t\t<\/div>\n\t\t\t\t<\/div>\n\t\t","protected":false},"excerpt":{"rendered":"<p>En Galer\u00eda La Curtiembre puedes encontrar diversos artistas y dise\u00f1adores que confeccionan con sus propias manos variados oficios, entre los que podemos encontrar orfebrer\u00eda, indumentaria, dise\u00f1o de vestuario, arte,&nbsp; bolsos,&nbsp; objetos con piedras, entre otros. Tenemos diferentes locales vidriados que albergan estos oficios y&nbsp; tres de mayor tama\u00f1o que tambi\u00e9n comercializan productos ligados al arte. [&hellip;]<\/p>\n","protected":false},"author":1,"featured_media":0,"parent":0,"menu_order":0,"comment_status":"closed","ping_status":"closed","template":"","meta":{"footnotes":""},"aioseo_notices":[],"_links":{"self":[{"href":"https:\/\/lacurtiembre.cl\/index.php?rest_route=\/wp\/v2\/pages\/6970"}],"collection":[{"href":"https:\/\/lacurtiembre.cl\/index.php?rest_route=\/wp\/v2\/pages"}],"about":[{"href":"https:\/\/lacurtiembre.cl\/index.php?rest_route=\/wp\/v2\/types\/page"}],"author":[{"embeddable":true,"href":"https:\/\/lacurtiembre.cl\/index.php?rest_route=\/wp\/v2\/users\/1"}],"replies":[{"embeddable":true,"href":"https:\/\/lacurtiembre.cl\/index.php?rest_route=%2Fwp%2Fv2%2Fcomments&post=6970"}],"version-history":[{"count":26,"href":"https:\/\/lacurtiembre.cl\/index.php?rest_route=\/wp\/v2\/pages\/6970\/revisions"}],"predecessor-version":[{"id":7569,"href":"https:\/\/lacurtiembre.cl\/index.php?rest_route=\/wp\/v2\/pages\/6970\/revisions\/7569"}],"wp:attachment":[{"href":"https:\/\/lacurtiembre.cl\/index.php?rest_route=%2Fwp%2Fv2%2Fmedia&parent=6970"}],"curies":[{"name":"wp","href":"https:\/\/api.w.org\/{rel}","templated":true}]}}