
{"id":7057,"date":"2024-03-26T10:18:32","date_gmt":"2024-03-26T14:18:32","guid":{"rendered":"https:\/\/galerialacurtiembre.cl\/?page_id=7057"},"modified":"2024-10-18T13:46:48","modified_gmt":"2024-10-18T17:46:48","slug":"gastronomia","status":"publish","type":"page","link":"https:\/\/lacurtiembre.cl\/?page_id=7057","title":{"rendered":"Gastronom\u00eda"},"content":{"rendered":"\t\t<div data-elementor-type=\"wp-page\" data-elementor-id=\"7057\" class=\"elementor elementor-7057\" data-elementor-post-type=\"page\">\n\t\t\t\t<div class=\"elementor-element elementor-element-41d77a60 e-flex e-con-boxed e-con e-parent\" data-id=\"41d77a60\" data-element_type=\"container\">\n\t\t\t\t\t<div class=\"e-con-inner\">\n\t\t\t\t<div class=\"elementor-element elementor-element-fd4a3a0 elementor-widget elementor-widget-text-editor\" data-id=\"fd4a3a0\" data-element_type=\"widget\" data-widget_type=\"text-editor.default\">\n\t\t\t\t<div class=\"elementor-widget-container\">\n\t\t\t\t\t\t\t<p><span style=\"color: #000000;\">Dos novedosos restaurantes forman parte de nuestra galer\u00eda, por lo que el panorama perfecto es venir a pasar un s\u00e1bado o domingo a nuestro espacio, vitrinear, disfrutar de nuestras actividades gratuitas para el p\u00fablico y pasar a comer al Demo o al Willimapu.<\/span><\/p>\n<p><span style=\"color: #000000;\"><!-- \/wp:paragraph --><!-- wp:paragraph --><\/span><\/p>\n<p><span style=\"color: #000000;\"><em><strong>\u00a1Te contamos a continuaci\u00f3n de qu\u00e9 se trata cada uno!<\/strong><\/em><\/span><\/p>\t\t\t\t\t\t<\/div>\n\t\t\t\t<\/div>\n\t\t\t\t\t<\/div>\n\t\t\t\t<\/div>\n\t\t<div class=\"elementor-element elementor-element-8736279 e-flex e-con-boxed e-con e-parent\" data-id=\"8736279\" data-element_type=\"container\">\n\t\t\t\t\t<div class=\"e-con-inner\">\n\t\t<div class=\"elementor-element elementor-element-ba5b48d e-con-full e-flex e-con e-child\" data-id=\"ba5b48d\" data-element_type=\"container\">\n\t\t\t\t<div class=\"elementor-element elementor-element-8407231 elementor-widget elementor-widget-text-editor\" data-id=\"8407231\" data-element_type=\"widget\" data-widget_type=\"text-editor.default\">\n\t\t\t\t<div class=\"elementor-widget-container\">\n\t\t\t\t\t\t\t<h3 style=\"font-size: 35px;\"><span style=\"color: #000000;\">Demo<\/span><\/h3>\n<p><span style=\"color: #000000;\">Restaurante \u00fanico. Cocina de autor con mucho sabor y variedad y a precios accesibles, atendido por su propio due\u00f1o, el Chef Pedro Chavarr\u00eda, quien siempre est\u00e1 presente en la cocina y en la preparaci\u00f3n de los platos. En Demo disfrutar\u00e1s de sabores innovadores, exquisitos, fuera de lo com\u00fan, una experiencia tremendamente enriquecedora.<\/span><\/p>\n<p><span style=\"color: #000000;\">Puedes pedir un rico brunch con pan de masa madre, un s\u00e1ndwich o focaccia, el men\u00fa del d\u00eda (los men\u00fas van cambiando cada semana), entre otros. Adem\u00e1s, los postres son una maravilla, tales como el profiterol relleno de flan de queso, el bizcocho de avellana y crema ahumada, la crema de s\u00e9samo y prieta, el canele, entre otros.<\/span><\/p>\t\t\t\t\t\t<\/div>\n\t\t\t\t<\/div>\n\t\t\t\t<\/div>\n\t\t<div class=\"elementor-element elementor-element-3f15aa0 e-con-full e-flex e-con e-child\" data-id=\"3f15aa0\" data-element_type=\"container\">\n\t\t<div class=\"elementor-element elementor-element-37e2b96 e-flex e-con-boxed e-con e-child\" data-id=\"37e2b96\" data-element_type=\"container\">\n\t\t\t\t\t<div class=\"e-con-inner\">\n\t\t\t\t<div class=\"elementor-element elementor-element-8aea992 elementor-widget elementor-widget-spacer\" data-id=\"8aea992\" data-element_type=\"widget\" data-widget_type=\"spacer.default\">\n\t\t\t\t<div class=\"elementor-widget-container\">\n\t\t\t\t\t<div class=\"elementor-spacer\">\n\t\t\t<div class=\"elementor-spacer-inner\"><\/div>\n\t\t<\/div>\n\t\t\t\t<\/div>\n\t\t\t\t<\/div>\n\t\t\t\t<div class=\"elementor-element elementor-element-4c7ba0e elementor-widget elementor-widget-image\" data-id=\"4c7ba0e\" data-element_type=\"widget\" data-widget_type=\"image.default\">\n\t\t\t\t<div class=\"elementor-widget-container\">\n\t\t\t\t\t\t\t\t\t\t\t\t\t<img fetchpriority=\"high\" decoding=\"async\" width=\"1500\" height=\"998\" src=\"https:\/\/lacurtiembre.cl\/wp-content\/uploads\/2024\/10\/demo.jpg\" class=\"attachment-full size-full wp-image-7570\" alt=\"\" srcset=\"https:\/\/lacurtiembre.cl\/wp-content\/uploads\/2024\/10\/demo.jpg 1500w, https:\/\/lacurtiembre.cl\/wp-content\/uploads\/2024\/10\/demo-300x200.jpg 300w, https:\/\/lacurtiembre.cl\/wp-content\/uploads\/2024\/10\/demo-1024x681.jpg 1024w, https:\/\/lacurtiembre.cl\/wp-content\/uploads\/2024\/10\/demo-768x511.jpg 768w, https:\/\/lacurtiembre.cl\/wp-content\/uploads\/2024\/10\/demo-416x277.jpg 416w\" sizes=\"(max-width: 1500px) 100vw, 1500px\" \/>\t\t\t\t\t\t\t\t\t\t\t\t\t<\/div>\n\t\t\t\t<\/div>\n\t\t\t\t\t<\/div>\n\t\t\t\t<\/div>\n\t\t\t\t<\/div>\n\t\t\t\t\t<\/div>\n\t\t\t\t<\/div>\n\t\t<div class=\"elementor-element elementor-element-5645c83 e-flex e-con-boxed e-con e-parent\" data-id=\"5645c83\" data-element_type=\"container\">\n\t\t\t\t\t<div class=\"e-con-inner\">\n\t\t\t\t<div class=\"elementor-element elementor-element-08e0ed1 elementor-widget elementor-widget-gallery\" data-id=\"08e0ed1\" data-element_type=\"widget\" data-settings=\"{&quot;lazyload&quot;:&quot;yes&quot;,&quot;gallery_layout&quot;:&quot;grid&quot;,&quot;columns&quot;:4,&quot;columns_tablet&quot;:2,&quot;columns_mobile&quot;:1,&quot;gap&quot;:{&quot;unit&quot;:&quot;px&quot;,&quot;size&quot;:10,&quot;sizes&quot;:[]},&quot;gap_tablet&quot;:{&quot;unit&quot;:&quot;px&quot;,&quot;size&quot;:10,&quot;sizes&quot;:[]},&quot;gap_mobile&quot;:{&quot;unit&quot;:&quot;px&quot;,&quot;size&quot;:10,&quot;sizes&quot;:[]},&quot;link_to&quot;:&quot;file&quot;,&quot;aspect_ratio&quot;:&quot;3:2&quot;,&quot;overlay_background&quot;:&quot;yes&quot;,&quot;content_hover_animation&quot;:&quot;fade-in&quot;}\" data-widget_type=\"gallery.default\">\n\t\t\t\t<div class=\"elementor-widget-container\">\n\t\t\t\t\t<div class=\"elementor-gallery__container\">\n\t\t\t\t\t\t\t<a class=\"e-gallery-item elementor-gallery-item elementor-animated-content\" href=\"https:\/\/lacurtiembre.cl\/wp-content\/uploads\/2024\/03\/DEMO_2.jpg\" data-elementor-open-lightbox=\"yes\" data-elementor-lightbox-slideshow=\"08e0ed1\" data-elementor-lightbox-title=\"DEMO_2\" data-e-action-hash=\"#elementor-action%3Aaction%3Dlightbox%26settings%3DeyJpZCI6NzA3NSwidXJsIjoiaHR0cHM6XC9cL2xhY3VydGllbWJyZS5jbFwvd3AtY29udGVudFwvdXBsb2Fkc1wvMjAyNFwvMDNcL0RFTU9fMi5qcGciLCJzbGlkZXNob3ciOiIwOGUwZWQxIn0%3D\">\n\t\t\t\t\t<div class=\"e-gallery-image elementor-gallery-item__image\" data-thumbnail=\"https:\/\/lacurtiembre.cl\/wp-content\/uploads\/2024\/03\/DEMO_2-300x200.jpg\" data-width=\"300\" data-height=\"200\" aria-label=\"\" role=\"img\" ><\/div>\n\t\t\t\t\t\t\t\t\t\t\t<div class=\"elementor-gallery-item__overlay\"><\/div>\n\t\t\t\t\t\t\t\t\t\t\t\t\t\t<\/a>\n\t\t\t\t\t\t\t<a class=\"e-gallery-item elementor-gallery-item elementor-animated-content\" href=\"https:\/\/lacurtiembre.cl\/wp-content\/uploads\/2024\/03\/DEMO4.jpg\" data-elementor-open-lightbox=\"yes\" data-elementor-lightbox-slideshow=\"08e0ed1\" data-elementor-lightbox-title=\"DEMO4\" data-e-action-hash=\"#elementor-action%3Aaction%3Dlightbox%26settings%3DeyJpZCI6NzA3NCwidXJsIjoiaHR0cHM6XC9cL2xhY3VydGllbWJyZS5jbFwvd3AtY29udGVudFwvdXBsb2Fkc1wvMjAyNFwvMDNcL0RFTU80LmpwZyIsInNsaWRlc2hvdyI6IjA4ZTBlZDEifQ%3D%3D\">\n\t\t\t\t\t<div class=\"e-gallery-image elementor-gallery-item__image\" data-thumbnail=\"https:\/\/lacurtiembre.cl\/wp-content\/uploads\/2024\/03\/DEMO4-300x225.jpg\" data-width=\"300\" data-height=\"225\" aria-label=\"\" role=\"img\" ><\/div>\n\t\t\t\t\t\t\t\t\t\t\t<div class=\"elementor-gallery-item__overlay\"><\/div>\n\t\t\t\t\t\t\t\t\t\t\t\t\t\t<\/a>\n\t\t\t\t\t\t\t<a class=\"e-gallery-item elementor-gallery-item elementor-animated-content\" href=\"https:\/\/lacurtiembre.cl\/wp-content\/uploads\/2024\/03\/DEMO3.jpg\" data-elementor-open-lightbox=\"yes\" data-elementor-lightbox-slideshow=\"08e0ed1\" data-elementor-lightbox-title=\"DEMO3\" data-e-action-hash=\"#elementor-action%3Aaction%3Dlightbox%26settings%3DeyJpZCI6NzA3MywidXJsIjoiaHR0cHM6XC9cL2xhY3VydGllbWJyZS5jbFwvd3AtY29udGVudFwvdXBsb2Fkc1wvMjAyNFwvMDNcL0RFTU8zLmpwZyIsInNsaWRlc2hvdyI6IjA4ZTBlZDEifQ%3D%3D\">\n\t\t\t\t\t<div class=\"e-gallery-image elementor-gallery-item__image\" data-thumbnail=\"https:\/\/lacurtiembre.cl\/wp-content\/uploads\/2024\/03\/DEMO3-300x225.jpg\" data-width=\"300\" data-height=\"225\" aria-label=\"\" role=\"img\" ><\/div>\n\t\t\t\t\t\t\t\t\t\t\t<div class=\"elementor-gallery-item__overlay\"><\/div>\n\t\t\t\t\t\t\t\t\t\t\t\t\t\t<\/a>\n\t\t\t\t\t\t\t<a class=\"e-gallery-item elementor-gallery-item elementor-animated-content\" href=\"https:\/\/lacurtiembre.cl\/wp-content\/uploads\/2024\/03\/DEMO5.jpg\" data-elementor-open-lightbox=\"yes\" data-elementor-lightbox-slideshow=\"08e0ed1\" data-elementor-lightbox-title=\"DEMO5\" data-e-action-hash=\"#elementor-action%3Aaction%3Dlightbox%26settings%3DeyJpZCI6NzA3MiwidXJsIjoiaHR0cHM6XC9cL2xhY3VydGllbWJyZS5jbFwvd3AtY29udGVudFwvdXBsb2Fkc1wvMjAyNFwvMDNcL0RFTU81LmpwZyIsInNsaWRlc2hvdyI6IjA4ZTBlZDEifQ%3D%3D\">\n\t\t\t\t\t<div class=\"e-gallery-image elementor-gallery-item__image\" data-thumbnail=\"https:\/\/lacurtiembre.cl\/wp-content\/uploads\/2024\/03\/DEMO5-225x300.jpg\" data-width=\"225\" data-height=\"300\" aria-label=\"\" role=\"img\" ><\/div>\n\t\t\t\t\t\t\t\t\t\t\t<div class=\"elementor-gallery-item__overlay\"><\/div>\n\t\t\t\t\t\t\t\t\t\t\t\t\t\t<\/a>\n\t\t\t\t\t<\/div>\n\t\t\t<\/div>\n\t\t\t\t<\/div>\n\t\t\t\t<div class=\"elementor-element elementor-element-90bf61c elementor-widget elementor-widget-spacer\" data-id=\"90bf61c\" data-element_type=\"widget\" data-widget_type=\"spacer.default\">\n\t\t\t\t<div class=\"elementor-widget-container\">\n\t\t\t\t\t<div class=\"elementor-spacer\">\n\t\t\t<div class=\"elementor-spacer-inner\"><\/div>\n\t\t<\/div>\n\t\t\t\t<\/div>\n\t\t\t\t<\/div>\n\t\t\t\t\t<\/div>\n\t\t\t\t<\/div>\n\t\t<div class=\"elementor-element elementor-element-ff43085 e-flex e-con-boxed e-con e-parent\" data-id=\"ff43085\" data-element_type=\"container\">\n\t\t\t\t\t<div class=\"e-con-inner\">\n\t\t<div class=\"elementor-element elementor-element-2ec85af e-con-full e-flex e-con e-child\" data-id=\"2ec85af\" data-element_type=\"container\">\n\t\t<div class=\"elementor-element elementor-element-64b6fe5 elementor-hidden-mobile e-flex e-con-boxed e-con e-child\" data-id=\"64b6fe5\" data-element_type=\"container\">\n\t\t\t\t\t<div class=\"e-con-inner\">\n\t\t\t\t<div class=\"elementor-element elementor-element-3658868 elementor-widget elementor-widget-image\" data-id=\"3658868\" data-element_type=\"widget\" data-widget_type=\"image.default\">\n\t\t\t\t<div class=\"elementor-widget-container\">\n\t\t\t\t\t\t\t\t\t\t\t\t\t<img decoding=\"async\" width=\"980\" height=\"735\" src=\"https:\/\/lacurtiembre.cl\/wp-content\/uploads\/2024\/03\/FOTO3-1024x768.jpg\" class=\"attachment-large size-large wp-image-7101\" alt=\"\" srcset=\"https:\/\/lacurtiembre.cl\/wp-content\/uploads\/2024\/03\/FOTO3-1024x768.jpg 1024w, https:\/\/lacurtiembre.cl\/wp-content\/uploads\/2024\/03\/FOTO3-300x225.jpg 300w, https:\/\/lacurtiembre.cl\/wp-content\/uploads\/2024\/03\/FOTO3-768x576.jpg 768w, https:\/\/lacurtiembre.cl\/wp-content\/uploads\/2024\/03\/FOTO3-416x312.jpg 416w, https:\/\/lacurtiembre.cl\/wp-content\/uploads\/2024\/03\/FOTO3.jpg 1500w\" sizes=\"(max-width: 980px) 100vw, 980px\" \/>\t\t\t\t\t\t\t\t\t\t\t\t\t<\/div>\n\t\t\t\t<\/div>\n\t\t\t\t\t<\/div>\n\t\t\t\t<\/div>\n\t\t\t\t<\/div>\n\t\t<div class=\"elementor-element elementor-element-29cb8cc e-con-full e-flex e-con e-child\" data-id=\"29cb8cc\" data-element_type=\"container\">\n\t\t\t\t<div class=\"elementor-element elementor-element-6668316 elementor-widget elementor-widget-text-editor\" data-id=\"6668316\" data-element_type=\"widget\" data-widget_type=\"text-editor.default\">\n\t\t\t\t<div class=\"elementor-widget-container\">\n\t\t\t\t\t\t\t<h3 style=\"font-size: 35px;\"><span style=\"color: #000000;\">Willimapu<\/span><\/h3>\n<p><span style=\"color: #000000;\">Gastronom\u00eda ancestral y mapuche en un grato ambiente y lugar. Una gran experiencia para disfrutar de los sabores del sur de nuestro pa\u00eds estando en la capital. Los platos principales son el pulmay, el milcao, el cordero al horno, el chapalele, el ceviche de algas, la cazuela sure\u00f1a, y tambi\u00e9n hay una carta de exquisitos postres tales como la meli (torta de cuatro sabores) o\u00a0 el mella (pan ancestral williche) acompa\u00f1ado de mermelada o miel.<\/span><\/p>\t\t\t\t\t\t<\/div>\n\t\t\t\t<\/div>\n\t\t\t\t<\/div>\n\t\t\t\t\t<\/div>\n\t\t\t\t<\/div>\n\t\t<div class=\"elementor-element elementor-element-1452b74 e-flex e-con-boxed e-con e-parent\" data-id=\"1452b74\" data-element_type=\"container\">\n\t\t\t\t\t<div class=\"e-con-inner\">\n\t\t\t\t<div class=\"elementor-element elementor-element-9f8d32a elementor-widget elementor-widget-gallery\" data-id=\"9f8d32a\" data-element_type=\"widget\" data-settings=\"{&quot;columns&quot;:3,&quot;columns_tablet&quot;:3,&quot;lazyload&quot;:&quot;yes&quot;,&quot;gallery_layout&quot;:&quot;grid&quot;,&quot;columns_mobile&quot;:1,&quot;gap&quot;:{&quot;unit&quot;:&quot;px&quot;,&quot;size&quot;:10,&quot;sizes&quot;:[]},&quot;gap_tablet&quot;:{&quot;unit&quot;:&quot;px&quot;,&quot;size&quot;:10,&quot;sizes&quot;:[]},&quot;gap_mobile&quot;:{&quot;unit&quot;:&quot;px&quot;,&quot;size&quot;:10,&quot;sizes&quot;:[]},&quot;link_to&quot;:&quot;file&quot;,&quot;aspect_ratio&quot;:&quot;3:2&quot;,&quot;overlay_background&quot;:&quot;yes&quot;,&quot;content_hover_animation&quot;:&quot;fade-in&quot;}\" data-widget_type=\"gallery.default\">\n\t\t\t\t<div class=\"elementor-widget-container\">\n\t\t\t\t\t<div class=\"elementor-gallery__container\">\n\t\t\t\t\t\t\t<a class=\"e-gallery-item elementor-gallery-item elementor-animated-content\" href=\"https:\/\/lacurtiembre.cl\/wp-content\/uploads\/2024\/03\/FOTO4.jpg\" data-elementor-open-lightbox=\"yes\" data-elementor-lightbox-slideshow=\"9f8d32a\" data-elementor-lightbox-title=\"FOTO4\" data-e-action-hash=\"#elementor-action%3Aaction%3Dlightbox%26settings%3DeyJpZCI6NzEwMiwidXJsIjoiaHR0cHM6XC9cL2xhY3VydGllbWJyZS5jbFwvd3AtY29udGVudFwvdXBsb2Fkc1wvMjAyNFwvMDNcL0ZPVE80LmpwZyIsInNsaWRlc2hvdyI6IjlmOGQzMmEifQ%3D%3D\">\n\t\t\t\t\t<div class=\"e-gallery-image elementor-gallery-item__image\" data-thumbnail=\"https:\/\/lacurtiembre.cl\/wp-content\/uploads\/2024\/03\/FOTO4-300x200.jpg\" data-width=\"300\" data-height=\"200\" aria-label=\"\" role=\"img\" ><\/div>\n\t\t\t\t\t\t\t\t\t\t\t<div class=\"elementor-gallery-item__overlay\"><\/div>\n\t\t\t\t\t\t\t\t\t\t\t\t\t\t<\/a>\n\t\t\t\t\t\t\t<a class=\"e-gallery-item elementor-gallery-item elementor-animated-content\" href=\"https:\/\/lacurtiembre.cl\/wp-content\/uploads\/2024\/03\/FOTO1.jpg\" data-elementor-open-lightbox=\"yes\" data-elementor-lightbox-slideshow=\"9f8d32a\" data-elementor-lightbox-title=\"FOTO1\" data-e-action-hash=\"#elementor-action%3Aaction%3Dlightbox%26settings%3DeyJpZCI6NzEwMywidXJsIjoiaHR0cHM6XC9cL2xhY3VydGllbWJyZS5jbFwvd3AtY29udGVudFwvdXBsb2Fkc1wvMjAyNFwvMDNcL0ZPVE8xLmpwZyIsInNsaWRlc2hvdyI6IjlmOGQzMmEifQ%3D%3D\">\n\t\t\t\t\t<div class=\"e-gallery-image elementor-gallery-item__image\" data-thumbnail=\"https:\/\/lacurtiembre.cl\/wp-content\/uploads\/2024\/03\/FOTO1-225x300.jpg\" data-width=\"225\" data-height=\"300\" aria-label=\"\" role=\"img\" ><\/div>\n\t\t\t\t\t\t\t\t\t\t\t<div class=\"elementor-gallery-item__overlay\"><\/div>\n\t\t\t\t\t\t\t\t\t\t\t\t\t\t<\/a>\n\t\t\t\t\t\t\t<a class=\"e-gallery-item elementor-gallery-item elementor-animated-content\" href=\"https:\/\/lacurtiembre.cl\/wp-content\/uploads\/2024\/03\/FOTO5.jpg\" data-elementor-open-lightbox=\"yes\" data-elementor-lightbox-slideshow=\"9f8d32a\" data-elementor-lightbox-title=\"FOTO5\" data-e-action-hash=\"#elementor-action%3Aaction%3Dlightbox%26settings%3DeyJpZCI6NzEwNCwidXJsIjoiaHR0cHM6XC9cL2xhY3VydGllbWJyZS5jbFwvd3AtY29udGVudFwvdXBsb2Fkc1wvMjAyNFwvMDNcL0ZPVE81LmpwZyIsInNsaWRlc2hvdyI6IjlmOGQzMmEifQ%3D%3D\">\n\t\t\t\t\t<div class=\"e-gallery-image elementor-gallery-item__image\" data-thumbnail=\"https:\/\/lacurtiembre.cl\/wp-content\/uploads\/2024\/03\/FOTO5-225x300.jpg\" data-width=\"225\" data-height=\"300\" aria-label=\"\" role=\"img\" ><\/div>\n\t\t\t\t\t\t\t\t\t\t\t<div class=\"elementor-gallery-item__overlay\"><\/div>\n\t\t\t\t\t\t\t\t\t\t\t\t\t\t<\/a>\n\t\t\t\t\t<\/div>\n\t\t\t<\/div>\n\t\t\t\t<\/div>\n\t\t\t\t\t<\/div>\n\t\t\t\t<\/div>\n\t\t\t\t<\/div>\n\t\t","protected":false},"excerpt":{"rendered":"<p>Dos novedosos restaurantes forman parte de nuestra galer\u00eda, por lo que el panorama perfecto es venir a pasar un s\u00e1bado o domingo a nuestro espacio, vitrinear, disfrutar de nuestras actividades gratuitas para el p\u00fablico y pasar a comer al Demo o al Willimapu. \u00a1Te contamos a continuaci\u00f3n de qu\u00e9 se trata cada uno! Demo Restaurante [&hellip;]<\/p>\n","protected":false},"author":1,"featured_media":0,"parent":0,"menu_order":0,"comment_status":"closed","ping_status":"closed","template":"","meta":{"footnotes":""},"aioseo_notices":[],"_links":{"self":[{"href":"https:\/\/lacurtiembre.cl\/index.php?rest_route=\/wp\/v2\/pages\/7057"}],"collection":[{"href":"https:\/\/lacurtiembre.cl\/index.php?rest_route=\/wp\/v2\/pages"}],"about":[{"href":"https:\/\/lacurtiembre.cl\/index.php?rest_route=\/wp\/v2\/types\/page"}],"author":[{"embeddable":true,"href":"https:\/\/lacurtiembre.cl\/index.php?rest_route=\/wp\/v2\/users\/1"}],"replies":[{"embeddable":true,"href":"https:\/\/lacurtiembre.cl\/index.php?rest_route=%2Fwp%2Fv2%2Fcomments&post=7057"}],"version-history":[{"count":47,"href":"https:\/\/lacurtiembre.cl\/index.php?rest_route=\/wp\/v2\/pages\/7057\/revisions"}],"predecessor-version":[{"id":7573,"href":"https:\/\/lacurtiembre.cl\/index.php?rest_route=\/wp\/v2\/pages\/7057\/revisions\/7573"}],"wp:attachment":[{"href":"https:\/\/lacurtiembre.cl\/index.php?rest_route=%2Fwp%2Fv2%2Fmedia&parent=7057"}],"curies":[{"name":"wp","href":"https:\/\/api.w.org\/{rel}","templated":true}]}}