
{"id":5824,"date":"2022-09-19T21:08:35","date_gmt":"2022-09-20T01:08:35","guid":{"rendered":"https:\/\/galerialacurtiembre.cl\/?product=angelico"},"modified":"2022-09-27T14:13:17","modified_gmt":"2022-09-27T18:13:17","slug":"angelico","status":"publish","type":"product","link":"https:\/\/lacurtiembre.cl\/?product=angelico","title":{"rendered":"Angelico"},"content":{"rendered":"<table width=\"380\">\n<tbody>\n<tr>\n<td width=\"380\">Print impreso en risograf\u00eda a 4 tintas (negro, amarillo, azul y rojo) sobre papel Starwhite 240 grms.<br \/>\nEdici\u00f3n de 50 copias. Oto\u00f1o, 2019.<br \/>\nAlto x Ancho: 24 x 30 cms.<\/td>\n<\/tr>\n<\/tbody>\n<\/table>\n","protected":false},"excerpt":{"rendered":"<p>Print impreso en risograf\u00eda a 4 tintas (negro, amarillo, azul y rojo) sobre papel Starwhite 240 grms. Edici\u00f3n de 50 copias. Oto\u00f1o, 2019. Alto x Ancho: 24 x 30 cms.<\/p>\n","protected":false},"featured_media":5595,"template":"","meta":[],"product_cat":[180],"product_tag":[],"aioseo_notices":[],"_links":{"self":[{"href":"https:\/\/lacurtiembre.cl\/index.php?rest_route=\/wp\/v2\/product\/5824"}],"collection":[{"href":"https:\/\/lacurtiembre.cl\/index.php?rest_route=\/wp\/v2\/product"}],"about":[{"href":"https:\/\/lacurtiembre.cl\/index.php?rest_route=\/wp\/v2\/types\/product"}],"wp:featuredmedia":[{"embeddable":true,"href":"https:\/\/lacurtiembre.cl\/index.php?rest_route=\/wp\/v2\/media\/5595"}],"wp:attachment":[{"href":"https:\/\/lacurtiembre.cl\/index.php?rest_route=%2Fwp%2Fv2%2Fmedia&parent=5824"}],"wp:term":[{"taxonomy":"product_cat","embeddable":true,"href":"https:\/\/lacurtiembre.cl\/index.php?rest_route=%2Fwp%2Fv2%2Fproduct_cat&post=5824"},{"taxonomy":"product_tag","embeddable":true,"href":"https:\/\/lacurtiembre.cl\/index.php?rest_route=%2Fwp%2Fv2%2Fproduct_tag&post=5824"}],"curies":[{"name":"wp","href":"https:\/\/api.w.org\/{rel}","templated":true}]}}