
{"id":5854,"date":"2022-09-19T21:08:42","date_gmt":"2022-09-20T01:08:42","guid":{"rendered":"https:\/\/galerialacurtiembre.cl\/?product=sin-titulo-2"},"modified":"2022-10-12T10:03:18","modified_gmt":"2022-10-12T14:03:18","slug":"sin-titulo-2","status":"publish","type":"product","link":"https:\/\/lacurtiembre.cl\/?product=sin-titulo-2","title":{"rendered":"Sin Titulo"},"content":{"rendered":"<table width=\"380\">\n<tbody>\n<tr>\n<td width=\"380\">Risograf\u00eda 29,7 cms x 42cms. Impreso a un color\u00a0 sobre papel Curious Matter de 270 grs. hecho con c\u00e1scaras de papas.\u00a0 Producci\u00f3n exclusiva de N\u00facleo Ordinario de Artistas (NOA) para Galer\u00eda La Curtiembre. 50 unidades seriadas y firmadas<br \/>\nhttps:\/\/www.instagram.com\/bascovazko\/<\/td>\n<\/tr>\n<\/tbody>\n<\/table>\n","protected":false},"excerpt":{"rendered":"<p>Risograf\u00eda 29,7 cms x 42cms. Impreso a un color\u00a0 sobre papel Curious Matter de 270 grs. hecho con c\u00e1scaras de papas.\u00a0 Producci\u00f3n exclusiva de N\u00facleo Ordinario de Artistas (NOA) para Galer\u00eda La Curtiembre. 50 unidades seriadas y firmadas https:\/\/www.instagram.com\/bascovazko\/<\/p>\n","protected":false},"featured_media":1919,"template":"","meta":[],"product_cat":[205,180],"product_tag":[],"aioseo_notices":[],"_links":{"self":[{"href":"https:\/\/lacurtiembre.cl\/index.php?rest_route=\/wp\/v2\/product\/5854"}],"collection":[{"href":"https:\/\/lacurtiembre.cl\/index.php?rest_route=\/wp\/v2\/product"}],"about":[{"href":"https:\/\/lacurtiembre.cl\/index.php?rest_route=\/wp\/v2\/types\/product"}],"wp:featuredmedia":[{"embeddable":true,"href":"https:\/\/lacurtiembre.cl\/index.php?rest_route=\/wp\/v2\/media\/1919"}],"wp:attachment":[{"href":"https:\/\/lacurtiembre.cl\/index.php?rest_route=%2Fwp%2Fv2%2Fmedia&parent=5854"}],"wp:term":[{"taxonomy":"product_cat","embeddable":true,"href":"https:\/\/lacurtiembre.cl\/index.php?rest_route=%2Fwp%2Fv2%2Fproduct_cat&post=5854"},{"taxonomy":"product_tag","embeddable":true,"href":"https:\/\/lacurtiembre.cl\/index.php?rest_route=%2Fwp%2Fv2%2Fproduct_tag&post=5854"}],"curies":[{"name":"wp","href":"https:\/\/api.w.org\/{rel}","templated":true}]}}