
{"id":5884,"date":"2022-09-19T21:08:48","date_gmt":"2022-09-20T01:08:48","guid":{"rendered":"https:\/\/galerialacurtiembre.cl\/?product=vagabundos"},"modified":"2022-09-27T14:02:11","modified_gmt":"2022-09-27T18:02:11","slug":"vagabundos","status":"publish","type":"product","link":"https:\/\/lacurtiembre.cl\/?product=vagabundos","title":{"rendered":"Vagabundos"},"content":{"rendered":"<table width=\"380\">\n<tbody>\n<tr>\n<td width=\"380\">C\u00f3mic.<br \/>\nPortada impresa en serigraf\u00eda a 3 colores sobre cartulina espa\u00f1ola celeste.<br \/>\n16 p\u00e1ginas impresas en risograf\u00eda sobre papel ahuesado de 90 gm.<br \/>\nAlto x Ancho: 13 x 13 cms.<\/td>\n<\/tr>\n<\/tbody>\n<\/table>\n","protected":false},"excerpt":{"rendered":"<p>C\u00f3mic. Portada impresa en serigraf\u00eda a 3 colores sobre cartulina espa\u00f1ola celeste. 16 p\u00e1ginas impresas en risograf\u00eda sobre papel ahuesado de 90 gm. Alto x Ancho: 13 x 13 cms.<\/p>\n","protected":false},"featured_media":5603,"template":"","meta":[],"product_cat":[189],"product_tag":[],"aioseo_notices":[],"_links":{"self":[{"href":"https:\/\/lacurtiembre.cl\/index.php?rest_route=\/wp\/v2\/product\/5884"}],"collection":[{"href":"https:\/\/lacurtiembre.cl\/index.php?rest_route=\/wp\/v2\/product"}],"about":[{"href":"https:\/\/lacurtiembre.cl\/index.php?rest_route=\/wp\/v2\/types\/product"}],"wp:featuredmedia":[{"embeddable":true,"href":"https:\/\/lacurtiembre.cl\/index.php?rest_route=\/wp\/v2\/media\/5603"}],"wp:attachment":[{"href":"https:\/\/lacurtiembre.cl\/index.php?rest_route=%2Fwp%2Fv2%2Fmedia&parent=5884"}],"wp:term":[{"taxonomy":"product_cat","embeddable":true,"href":"https:\/\/lacurtiembre.cl\/index.php?rest_route=%2Fwp%2Fv2%2Fproduct_cat&post=5884"},{"taxonomy":"product_tag","embeddable":true,"href":"https:\/\/lacurtiembre.cl\/index.php?rest_route=%2Fwp%2Fv2%2Fproduct_tag&post=5884"}],"curies":[{"name":"wp","href":"https:\/\/api.w.org\/{rel}","templated":true}]}}