
{"id":5895,"date":"2022-09-19T21:08:50","date_gmt":"2022-09-20T01:08:50","guid":{"rendered":"https:\/\/galerialacurtiembre.cl\/?product=endemico"},"modified":"2022-09-27T14:01:43","modified_gmt":"2022-09-27T18:01:43","slug":"endemico","status":"publish","type":"product","link":"https:\/\/lacurtiembre.cl\/?product=endemico","title":{"rendered":"Endemico"},"content":{"rendered":"<table width=\"380\">\n<tbody>\n<tr>\n<td width=\"380\">Serigraf\u00eda a 3 colores. Impresa en papel blanco libre de \u00e1cido de 390grs Edici\u00f3n de 15 copias seriadas y firmadas.<br \/>\nAlto x Ancho: 70 x 50 cms.<\/td>\n<\/tr>\n<\/tbody>\n<\/table>\n","protected":false},"excerpt":{"rendered":"<p>Serigraf\u00eda a 3 colores. Impresa en papel blanco libre de \u00e1cido de 390grs Edici\u00f3n de 15 copias seriadas y firmadas. Alto x Ancho: 70 x 50 cms.<\/p>\n","protected":false},"featured_media":2197,"template":"","meta":[],"product_cat":[187],"product_tag":[],"aioseo_notices":[],"_links":{"self":[{"href":"https:\/\/lacurtiembre.cl\/index.php?rest_route=\/wp\/v2\/product\/5895"}],"collection":[{"href":"https:\/\/lacurtiembre.cl\/index.php?rest_route=\/wp\/v2\/product"}],"about":[{"href":"https:\/\/lacurtiembre.cl\/index.php?rest_route=\/wp\/v2\/types\/product"}],"wp:featuredmedia":[{"embeddable":true,"href":"https:\/\/lacurtiembre.cl\/index.php?rest_route=\/wp\/v2\/media\/2197"}],"wp:attachment":[{"href":"https:\/\/lacurtiembre.cl\/index.php?rest_route=%2Fwp%2Fv2%2Fmedia&parent=5895"}],"wp:term":[{"taxonomy":"product_cat","embeddable":true,"href":"https:\/\/lacurtiembre.cl\/index.php?rest_route=%2Fwp%2Fv2%2Fproduct_cat&post=5895"},{"taxonomy":"product_tag","embeddable":true,"href":"https:\/\/lacurtiembre.cl\/index.php?rest_route=%2Fwp%2Fv2%2Fproduct_tag&post=5895"}],"curies":[{"name":"wp","href":"https:\/\/api.w.org\/{rel}","templated":true}]}}