
{"id":5959,"date":"2022-09-19T21:09:07","date_gmt":"2022-09-20T01:09:07","guid":{"rendered":"https:\/\/galerialacurtiembre.cl\/?product=lux-sanguinea"},"modified":"2022-09-27T13:46:58","modified_gmt":"2022-09-27T17:46:58","slug":"lux-sanguinea","status":"publish","type":"product","link":"https:\/\/lacurtiembre.cl\/?product=lux-sanguinea","title":{"rendered":"Lux Sanguinea"},"content":{"rendered":"<table width=\"380\">\n<tbody>\n<tr>\n<td width=\"380\">Pintura sobre bastidor digitalizada, impresi\u00f3n Fine Art sobre<br \/>\npapel Hahnem\u00fcle German Etching de 310 gramos, intervenida con acr\u00edlico\u00a0 champa\u00f1a, a\u00f1o 2021.<br \/>\nAlto x Ancho: 30 x 30 cms<\/td>\n<\/tr>\n<\/tbody>\n<\/table>\n","protected":false},"excerpt":{"rendered":"<p>Pintura sobre bastidor digitalizada, impresi\u00f3n Fine Art sobre papel Hahnem\u00fcle German Etching de 310 gramos, intervenida con acr\u00edlico\u00a0 champa\u00f1a, a\u00f1o 2021. Alto x Ancho: 30 x 30 cms<\/p>\n","protected":false},"featured_media":5416,"template":"","meta":[],"product_cat":[182],"product_tag":[],"aioseo_notices":[],"_links":{"self":[{"href":"https:\/\/lacurtiembre.cl\/index.php?rest_route=\/wp\/v2\/product\/5959"}],"collection":[{"href":"https:\/\/lacurtiembre.cl\/index.php?rest_route=\/wp\/v2\/product"}],"about":[{"href":"https:\/\/lacurtiembre.cl\/index.php?rest_route=\/wp\/v2\/types\/product"}],"wp:featuredmedia":[{"embeddable":true,"href":"https:\/\/lacurtiembre.cl\/index.php?rest_route=\/wp\/v2\/media\/5416"}],"wp:attachment":[{"href":"https:\/\/lacurtiembre.cl\/index.php?rest_route=%2Fwp%2Fv2%2Fmedia&parent=5959"}],"wp:term":[{"taxonomy":"product_cat","embeddable":true,"href":"https:\/\/lacurtiembre.cl\/index.php?rest_route=%2Fwp%2Fv2%2Fproduct_cat&post=5959"},{"taxonomy":"product_tag","embeddable":true,"href":"https:\/\/lacurtiembre.cl\/index.php?rest_route=%2Fwp%2Fv2%2Fproduct_tag&post=5959"}],"curies":[{"name":"wp","href":"https:\/\/api.w.org\/{rel}","templated":true}]}}