
{"id":5961,"date":"2022-09-19T21:09:07","date_gmt":"2022-09-20T01:09:07","guid":{"rendered":"https:\/\/galerialacurtiembre.cl\/?product=helechos-nocturnos"},"modified":"2022-09-27T13:46:52","modified_gmt":"2022-09-27T17:46:52","slug":"helechos-nocturnos","status":"publish","type":"product","link":"https:\/\/lacurtiembre.cl\/?product=helechos-nocturnos","title":{"rendered":"Helechos nocturnos"},"content":{"rendered":"<table width=\"380\">\n<tbody>\n<tr>\n<td width=\"380\">Pintura sobre bastidor digitalizada, impresi\u00f3n Fine Art sobre<br \/>\npapel Hahnem\u00fcle German Etching de 310 gramos, intervenida con acr\u00edlico cobre,\u00a0 formato de 30&#215;30 cms, a\u00f1o 2021.<\/td>\n<\/tr>\n<\/tbody>\n<\/table>\n","protected":false},"excerpt":{"rendered":"<p>Pintura sobre bastidor digitalizada, impresi\u00f3n Fine Art sobre papel Hahnem\u00fcle German Etching de 310 gramos, intervenida con acr\u00edlico cobre,\u00a0 formato de 30&#215;30 cms, a\u00f1o 2021.<\/p>\n","protected":false},"featured_media":5437,"template":"","meta":[],"product_cat":[182],"product_tag":[],"aioseo_notices":[],"_links":{"self":[{"href":"https:\/\/lacurtiembre.cl\/index.php?rest_route=\/wp\/v2\/product\/5961"}],"collection":[{"href":"https:\/\/lacurtiembre.cl\/index.php?rest_route=\/wp\/v2\/product"}],"about":[{"href":"https:\/\/lacurtiembre.cl\/index.php?rest_route=\/wp\/v2\/types\/product"}],"wp:featuredmedia":[{"embeddable":true,"href":"https:\/\/lacurtiembre.cl\/index.php?rest_route=\/wp\/v2\/media\/5437"}],"wp:attachment":[{"href":"https:\/\/lacurtiembre.cl\/index.php?rest_route=%2Fwp%2Fv2%2Fmedia&parent=5961"}],"wp:term":[{"taxonomy":"product_cat","embeddable":true,"href":"https:\/\/lacurtiembre.cl\/index.php?rest_route=%2Fwp%2Fv2%2Fproduct_cat&post=5961"},{"taxonomy":"product_tag","embeddable":true,"href":"https:\/\/lacurtiembre.cl\/index.php?rest_route=%2Fwp%2Fv2%2Fproduct_tag&post=5961"}],"curies":[{"name":"wp","href":"https:\/\/api.w.org\/{rel}","templated":true}]}}