
{"id":5971,"date":"2022-09-19T21:09:10","date_gmt":"2022-09-20T01:09:10","guid":{"rendered":"https:\/\/galerialacurtiembre.cl\/?product=nika"},"modified":"2022-10-12T10:01:23","modified_gmt":"2022-10-12T14:01:23","slug":"nika","status":"publish","type":"product","link":"https:\/\/lacurtiembre.cl\/?product=nika","title":{"rendered":"Nika"},"content":{"rendered":"<table width=\"380\">\n<tbody>\n<tr>\n<td width=\"380\">Risograf\u00eda a dos colores impresa sobre papel Canson Extra Blanco antiguo, 250 grs. Producci\u00f3n exclusiva de N\u00facleo Ordinario de Artistas (NOA) para Galer\u00eda La Curtiembre. 50 unidades seriadas y firmadas.<br \/>\nAlto x Ancho: 28 x 37,9 cms.<\/td>\n<\/tr>\n<\/tbody>\n<\/table>\n","protected":false},"excerpt":{"rendered":"<p>Risograf\u00eda a dos colores impresa sobre papel Canson Extra Blanco antiguo, 250 grs. Producci\u00f3n exclusiva de N\u00facleo Ordinario de Artistas (NOA) para Galer\u00eda La Curtiembre. 50 unidades seriadas y firmadas. Alto x Ancho: 28 x 37,9 cms.<\/p>\n","protected":false},"featured_media":1596,"template":"","meta":[],"product_cat":[205,180],"product_tag":[],"aioseo_notices":[],"_links":{"self":[{"href":"https:\/\/lacurtiembre.cl\/index.php?rest_route=\/wp\/v2\/product\/5971"}],"collection":[{"href":"https:\/\/lacurtiembre.cl\/index.php?rest_route=\/wp\/v2\/product"}],"about":[{"href":"https:\/\/lacurtiembre.cl\/index.php?rest_route=\/wp\/v2\/types\/product"}],"wp:featuredmedia":[{"embeddable":true,"href":"https:\/\/lacurtiembre.cl\/index.php?rest_route=\/wp\/v2\/media\/1596"}],"wp:attachment":[{"href":"https:\/\/lacurtiembre.cl\/index.php?rest_route=%2Fwp%2Fv2%2Fmedia&parent=5971"}],"wp:term":[{"taxonomy":"product_cat","embeddable":true,"href":"https:\/\/lacurtiembre.cl\/index.php?rest_route=%2Fwp%2Fv2%2Fproduct_cat&post=5971"},{"taxonomy":"product_tag","embeddable":true,"href":"https:\/\/lacurtiembre.cl\/index.php?rest_route=%2Fwp%2Fv2%2Fproduct_tag&post=5971"}],"curies":[{"name":"wp","href":"https:\/\/api.w.org\/{rel}","templated":true}]}}