
{"id":5981,"date":"2022-09-19T21:09:11","date_gmt":"2022-09-20T01:09:11","guid":{"rendered":"https:\/\/galerialacurtiembre.cl\/?product=libro-retratos-pvm"},"modified":"2022-10-06T12:17:53","modified_gmt":"2022-10-06T16:17:53","slug":"libro-retratos-pvm","status":"publish","type":"product","link":"https:\/\/lacurtiembre.cl\/?product=libro-retratos-pvm","title":{"rendered":"Libro Retratos Pvm"},"content":{"rendered":"<table width=\"380\">\n<tbody>\n<tr>\n<td width=\"380\">Por Macarena Tuma \/ Rodrigo Sep\u00falveda &#8211; Impresi\u00f3n por Grafic Suisse.<br \/>\nEl libro de documentaci\u00f3n \u201cRetratos del Persa V\u00edctor Manuel\u201d es una publicaci\u00f3n que re\u00fane entrevistas en formato acotado y fotograf\u00edas a locatarios \u00edconos de este recinto hist\u00f3rico, quienes nos cuentan detalles de sus historias de vida y de su labor en el persa. Entre los entrevistados podemos encontrar diferentes personajes que son reconocidos por su trayectoria en este lugar, tales como \u201cel cachurero\u201d, \u201c<br \/>\nel cineasta\u201d, \u201cel chef\u201d, \u201cla se\u00f1ora de las l\u00e1mparas\u201d, entre otros. Sin duda un imperdible para los amantes del Persa V\u00edctor Manuel y sus tesoros.&#8221;<br \/>\nhttps:\/\/www.instagram.com\/galerialacurtiembre<br \/>\nAlto x Ancho: 15 x 21 cms.<\/td>\n<\/tr>\n<\/tbody>\n<\/table>\n","protected":false},"excerpt":{"rendered":"<p>Por Macarena Tuma \/ Rodrigo Sep\u00falveda &#8211; Impresi\u00f3n por Grafic Suisse. El libro de documentaci\u00f3n \u201cRetratos del Persa V\u00edctor Manuel\u201d es una publicaci\u00f3n que re\u00fane entrevistas en formato acotado y fotograf\u00edas a locatarios \u00edconos de este recinto hist\u00f3rico, quienes nos cuentan detalles de sus historias de vida y de su labor en el persa. Entre [&hellip;]<\/p>\n","protected":false},"featured_media":568,"template":"","meta":[],"product_cat":[186,197],"product_tag":[],"aioseo_notices":[],"_links":{"self":[{"href":"https:\/\/lacurtiembre.cl\/index.php?rest_route=\/wp\/v2\/product\/5981"}],"collection":[{"href":"https:\/\/lacurtiembre.cl\/index.php?rest_route=\/wp\/v2\/product"}],"about":[{"href":"https:\/\/lacurtiembre.cl\/index.php?rest_route=\/wp\/v2\/types\/product"}],"wp:featuredmedia":[{"embeddable":true,"href":"https:\/\/lacurtiembre.cl\/index.php?rest_route=\/wp\/v2\/media\/568"}],"wp:attachment":[{"href":"https:\/\/lacurtiembre.cl\/index.php?rest_route=%2Fwp%2Fv2%2Fmedia&parent=5981"}],"wp:term":[{"taxonomy":"product_cat","embeddable":true,"href":"https:\/\/lacurtiembre.cl\/index.php?rest_route=%2Fwp%2Fv2%2Fproduct_cat&post=5981"},{"taxonomy":"product_tag","embeddable":true,"href":"https:\/\/lacurtiembre.cl\/index.php?rest_route=%2Fwp%2Fv2%2Fproduct_tag&post=5981"}],"curies":[{"name":"wp","href":"https:\/\/api.w.org\/{rel}","templated":true}]}}