
{"id":5993,"date":"2022-09-19T21:09:14","date_gmt":"2022-09-20T01:09:14","guid":{"rendered":"https:\/\/galerialacurtiembre.cl\/?product=agotok"},"modified":"2022-09-27T13:41:50","modified_gmt":"2022-09-27T17:41:50","slug":"agotok","status":"publish","type":"product","link":"https:\/\/lacurtiembre.cl\/?product=agotok","title":{"rendered":"Agotok"},"content":{"rendered":"<table width=\"380\">\n<tbody>\n<tr>\n<td width=\"380\">Impresi\u00f3n: risograf\u00eda 2 tintas (roja y negra)<br \/>\nEdici\u00f3n: de 30 copias 2022 en conjunt con seimpri.me<br \/>\nPapel: opalina blanca<br \/>\nTama\u00f1o: B4<br \/>\nAlto x Ancho: 28 x 37 cms.<\/td>\n<\/tr>\n<\/tbody>\n<\/table>\n","protected":false},"excerpt":{"rendered":"<p>Impresi\u00f3n: risograf\u00eda 2 tintas (roja y negra) Edici\u00f3n: de 30 copias 2022 en conjunt con seimpri.me Papel: opalina blanca Tama\u00f1o: B4 Alto x Ancho: 28 x 37 cms.<\/p>\n","protected":false},"featured_media":5588,"template":"","meta":[],"product_cat":[180],"product_tag":[],"aioseo_notices":[],"_links":{"self":[{"href":"https:\/\/lacurtiembre.cl\/index.php?rest_route=\/wp\/v2\/product\/5993"}],"collection":[{"href":"https:\/\/lacurtiembre.cl\/index.php?rest_route=\/wp\/v2\/product"}],"about":[{"href":"https:\/\/lacurtiembre.cl\/index.php?rest_route=\/wp\/v2\/types\/product"}],"wp:featuredmedia":[{"embeddable":true,"href":"https:\/\/lacurtiembre.cl\/index.php?rest_route=\/wp\/v2\/media\/5588"}],"wp:attachment":[{"href":"https:\/\/lacurtiembre.cl\/index.php?rest_route=%2Fwp%2Fv2%2Fmedia&parent=5993"}],"wp:term":[{"taxonomy":"product_cat","embeddable":true,"href":"https:\/\/lacurtiembre.cl\/index.php?rest_route=%2Fwp%2Fv2%2Fproduct_cat&post=5993"},{"taxonomy":"product_tag","embeddable":true,"href":"https:\/\/lacurtiembre.cl\/index.php?rest_route=%2Fwp%2Fv2%2Fproduct_tag&post=5993"}],"curies":[{"name":"wp","href":"https:\/\/api.w.org\/{rel}","templated":true}]}}